{"id":5680,"date":"2023-07-04T16:19:14","date_gmt":"2023-07-04T13:19:14","guid":{"rendered":"https:\/\/enveks.com\/ru\/?page_id=5680"},"modified":"2023-07-05T11:10:34","modified_gmt":"2023-07-05T08:10:34","slug":"ciftlik-dezenfektasyonu-ve-serinletme","status":"publish","type":"page","link":"https:\/\/enveks.com\/ru\/ciftlik-dezenfektasyonu-ve-serinletme\/","title":{"rendered":"\u00c7\u0130FTL\u0130K\u00a0DEZENFEKTASYONU VE SER\u0130NLETME"},"content":{"rendered":"\t\t<div data-elementor-type=\"wp-page\" data-elementor-id=\"5680\" class=\"elementor elementor-5680\">\n\t\t\t\t\t\t\t\t\t<section class=\"elementor-section elementor-top-section elementor-element elementor-element-69d461d6 elementor-section-boxed elementor-section-height-default elementor-section-height-default\" data-id=\"69d461d6\" data-element_type=\"section\" data-settings=\"{&quot;background_background&quot;:&quot;classic&quot;}\">\n\t\t\t\t\t\t\t<div class=\"elementor-background-overlay\"><\/div>\n\t\t\t\t\t\t\t<div class=\"elementor-container elementor-column-gap-no\">\n\t\t\t\t\t<div class=\"elementor-column elementor-col-100 elementor-top-column elementor-element elementor-element-457f87bb\" data-id=\"457f87bb\" data-element_type=\"column\">\n\t\t\t<div class=\"elementor-widget-wrap elementor-element-populated\">\n\t\t\t\t\t\t\t\t<div class=\"elementor-element elementor-element-4ed293c8 elementor-widget elementor-widget-heading\" data-id=\"4ed293c8\" data-element_type=\"widget\" data-widget_type=\"heading.default\">\n\t\t\t\t<div class=\"elementor-widget-container\">\n\t\t\t<style>\/*! elementor - v3.14.0 - 26-06-2023 *\/\n.elementor-heading-title{padding:0;margin:0;line-height:1}.elementor-widget-heading .elementor-heading-title[class*=elementor-size-]>a{color:inherit;font-size:inherit;line-height:inherit}.elementor-widget-heading .elementor-heading-title.elementor-size-small{font-size:15px}.elementor-widget-heading .elementor-heading-title.elementor-size-medium{font-size:19px}.elementor-widget-heading .elementor-heading-title.elementor-size-large{font-size:29px}.elementor-widget-heading .elementor-heading-title.elementor-size-xl{font-size:39px}.elementor-widget-heading .elementor-heading-title.elementor-size-xxl{font-size:59px}<\/style><h1 class=\"elementor-heading-title elementor-size-default\"><span class=\"birincitext\">\u0424\u0415\u0420\u041c\u0410 <\/span><span class=\"ikincitext\">\u0414\u0415\u0417\u0418\u041d\u0424\u0415\u041a\u0426\u0418\u042f <\/span><br><span class=\"ucuncutext\">\u0418 \u041e\u0425\u041b\u0410\u0416\u0414\u0415\u041d\u0418\u0415<\/span><\/h1>\t\t<\/div>\n\t\t\t\t<\/div>\n\t\t\t\t<div class=\"elementor-element elementor-element-5e90ca87 elementor-widget elementor-widget-text-editor\" data-id=\"5e90ca87\" data-element_type=\"widget\" data-widget_type=\"text-editor.default\">\n\t\t\t\t<div class=\"elementor-widget-container\">\n\t\t\t<style>\/*! elementor - v3.14.0 - 26-06-2023 *\/\n.elementor-widget-text-editor.elementor-drop-cap-view-stacked .elementor-drop-cap{background-color:#69727d;color:#fff}.elementor-widget-text-editor.elementor-drop-cap-view-framed .elementor-drop-cap{color:#69727d;border:3px solid;background-color:transparent}.elementor-widget-text-editor:not(.elementor-drop-cap-view-default) .elementor-drop-cap{margin-top:8px}.elementor-widget-text-editor:not(.elementor-drop-cap-view-default) .elementor-drop-cap-letter{width:1em;height:1em}.elementor-widget-text-editor .elementor-drop-cap{float:left;text-align:center;line-height:1;font-size:50px}.elementor-widget-text-editor .elementor-drop-cap-letter{display:inline-block}<\/style>\t\t\t\t<p>ENVEX \u043f\u0440\u0435\u0434\u043b\u0430\u0433\u0430\u0435\u0442 \u0443\u043d\u0438\u0432\u0435\u0440\u0441\u0430\u043b\u044c\u043d\u044b\u0435 \u0440\u0435\u0448\u0435\u043d\u0438\u044f \u0434\u043b\u044f \u043f\u0440\u0435\u0434\u043e\u0442\u0432\u0440\u0430\u0449\u0435\u043d\u0438\u044f \u043d\u0435\u0433\u0430\u0442\u0438\u0432\u043d\u043e\u0433\u043e \u0432\u043e\u0437\u0434\u0435\u0439\u0441\u0442\u0432\u0438\u044f \u0442\u0435\u043f\u043b\u0430 \u043d\u0430 \u0436\u0438\u0432\u043e\u0442\u043d\u044b\u0445 \u0432 \u0443\u0437\u043a\u0438\u0445 \u043f\u0440\u043e\u0441\u0442\u0440\u0430\u043d\u0441\u0442\u0432\u0430\u0445 \u0432 \u0436\u0430\u0440\u043a\u0438\u0445 \u043b\u0435\u0442\u043d\u0438\u0445 \u0443\u0441\u043b\u043e\u0432\u0438\u044f\u0445 \u043d\u0430 \u0444\u0435\u0440\u043c\u0430\u0445 \u043e\u0432\u0435\u0446 \u0438 \u043a\u0440\u0443\u043f\u043d\u043e\u0433\u043e \u0440\u043e\u0433\u0430\u0442\u043e\u0433\u043e \u0441\u043a\u043e\u0442\u0430, \u0434\u043b\u044f \u043f\u0440\u0435\u0434\u043e\u0442\u0432\u0440\u0430\u0449\u0435\u043d\u0438\u044f \u0431\u043e\u043b\u0435\u0437\u043d\u0435\u0439, \u043a\u043e\u0442\u043e\u0440\u044b\u0435 \u043b\u0435\u0433\u043a\u043e \u0440\u0430\u0441\u043f\u0440\u043e\u0441\u0442\u0440\u0430\u043d\u044f\u044e\u0442\u0441\u044f \u0441\u0440\u0435\u0434\u0438 \u0436\u0438\u0432\u043e\u0442\u043d\u044b\u0445, \u0434\u043b\u044f \u0434\u0435\u0437\u0438\u043d\u0444\u0435\u043a\u0446\u0438\u0438 \u0444\u0435\u0440\u043c, \u043f\u043e\u0434\u0430\u0432\u043b\u0435\u043d\u0438\u044f \u043f\u044b\u043b\u044c, \u043e\u0431\u0440\u0430\u0437\u0443\u044e\u0449\u0430\u044f\u0441\u044f \u043f\u0440\u0438 \u043f\u0435\u0440\u0435\u0434\u0432\u0438\u0436\u0435\u043d\u0438\u0438 \u0436\u0438\u0432\u043e\u0442\u043d\u044b\u0445.<\/p>\t\t\t\t\t\t<\/div>\n\t\t\t\t<\/div>\n\t\t\t\t\t<\/div>\n\t\t<\/div>\n\t\t\t\t\t\t\t<\/div>\n\t\t<\/section>\n\t\t\t\t<section class=\"elementor-section elementor-top-section elementor-element elementor-element-5ab8ba8 elementor-section-full_width elementor-section-height-full elementor-section-height-default elementor-section-items-middle\" data-id=\"5ab8ba8\" data-element_type=\"section\" data-settings=\"{&quot;background_background&quot;:&quot;classic&quot;}\">\n\t\t\t\t\t\t<div class=\"elementor-container elementor-column-gap-default\">\n\t\t\t\t\t<div class=\"elementor-column elementor-col-100 elementor-top-column elementor-element elementor-element-141a7f2f\" data-id=\"141a7f2f\" data-element_type=\"column\">\n\t\t\t<div class=\"elementor-widget-wrap elementor-element-populated\">\n\t\t\t\t\t\t\t\t<div class=\"elementor-element elementor-element-4ee4b2dd elementor-widget elementor-widget-image\" data-id=\"4ee4b2dd\" data-element_type=\"widget\" data-widget_type=\"image.default\">\n\t\t\t\t<div class=\"elementor-widget-container\">\n\t\t\t<style>\/*! elementor - v3.14.0 - 26-06-2023 *\/\n.elementor-widget-image{text-align:center}.elementor-widget-image a{display:inline-block}.elementor-widget-image a img[src$=\".svg\"]{width:48px}.elementor-widget-image img{vertical-align:middle;display:inline-block}<\/style>\t\t\t\t\t\t\t\t\t\t\t\t<img decoding=\"async\" width=\"300\" height=\"188\" src=\"https:\/\/enveks.com\/ru\/wp-content\/uploads\/sites\/4\/2023\/06\/cds-300x188.webp\" class=\"attachment-medium size-medium wp-image-4456\" alt=\"\" loading=\"lazy\" srcset=\"https:\/\/enveks.com\/ru\/wp-content\/uploads\/sites\/4\/2023\/06\/cds-300x188.webp 300w, https:\/\/enveks.com\/ru\/wp-content\/uploads\/sites\/4\/2023\/06\/cds.webp 498w\" sizes=\"(max-width: 300px) 100vw, 300px\" \/>\t\t\t\t\t\t\t\t\t\t\t\t\t\t\t<\/div>\n\t\t\t\t<\/div>\n\t\t\t\t<div class=\"elementor-element elementor-element-a47c66f elementor-align-right elementor-widget__width-initial elementor-widget elementor-widget-button\" data-id=\"a47c66f\" data-element_type=\"widget\" data-widget_type=\"button.default\">\n\t\t\t\t<div class=\"elementor-widget-container\">\n\t\t\t\t\t<div class=\"elementor-button-wrapper\">\n\t\t\t<a class=\"elementor-button elementor-button-link elementor-size-sm\" href=\"\/iletisim\">\n\t\t\t\t\t\t<span class=\"elementor-button-content-wrapper\">\n\t\t\t\t\t\t<span class=\"elementor-button-text\">\u041f\u043e\u0434\u0440\u043e\u0431\u043d\u0430\u044f \u0438\u043d\u0444\u043e\u0440\u043c\u0430\u0446\u0438\u044f<\/span>\n\t\t<\/span>\n\t\t\t\t\t<\/a>\n\t\t<\/div>\n\t\t\t\t<\/div>\n\t\t\t\t<\/div>\n\t\t\t\t\t<\/div>\n\t\t<\/div>\n\t\t\t\t\t\t\t<\/div>\n\t\t<\/section>\n\t\t\t\t<section class=\"elementor-section elementor-top-section elementor-element elementor-element-d4ca6cd elementor-section-full_width elementor-section-height-default elementor-section-height-default\" data-id=\"d4ca6cd\" data-element_type=\"section\">\n\t\t\t\t\t\t<div class=\"elementor-container elementor-column-gap-no\">\n\t\t\t\t\t<div class=\"elementor-column elementor-col-100 elementor-top-column elementor-element elementor-element-379b1380\" data-id=\"379b1380\" data-element_type=\"column\">\n\t\t\t<div class=\"elementor-widget-wrap elementor-element-populated\">\n\t\t\t\t\t\t\t\t<div class=\"elementor-element elementor-element-712d5618 elementor-widget elementor-widget-image\" data-id=\"712d5618\" data-element_type=\"widget\" data-widget_type=\"image.default\">\n\t\t\t\t<div class=\"elementor-widget-container\">\n\t\t\t\t\t\t\t\t\t\t\t\t\t\t\t<img decoding=\"async\" width=\"2560\" height=\"566\" src=\"https:\/\/enveks.com\/ru\/wp-content\/uploads\/sites\/4\/2023\/06\/Fan-Puskurtmeli-Serinletme-ve-Dezenfeksiyon-Spreyleme-Sistemleri.webp\" class=\"attachment-full size-full wp-image-4458\" alt=\"\" loading=\"lazy\" srcset=\"https:\/\/enveks.com\/ru\/wp-content\/uploads\/sites\/4\/2023\/06\/Fan-Puskurtmeli-Serinletme-ve-Dezenfeksiyon-Spreyleme-Sistemleri.webp 2560w, https:\/\/enveks.com\/ru\/wp-content\/uploads\/sites\/4\/2023\/06\/Fan-Puskurtmeli-Serinletme-ve-Dezenfeksiyon-Spreyleme-Sistemleri-300x66.webp 300w, https:\/\/enveks.com\/ru\/wp-content\/uploads\/sites\/4\/2023\/06\/Fan-Puskurtmeli-Serinletme-ve-Dezenfeksiyon-Spreyleme-Sistemleri-1024x226.webp 1024w, https:\/\/enveks.com\/ru\/wp-content\/uploads\/sites\/4\/2023\/06\/Fan-Puskurtmeli-Serinletme-ve-Dezenfeksiyon-Spreyleme-Sistemleri-768x170.webp 768w, https:\/\/enveks.com\/ru\/wp-content\/uploads\/sites\/4\/2023\/06\/Fan-Puskurtmeli-Serinletme-ve-Dezenfeksiyon-Spreyleme-Sistemleri-1536x340.webp 1536w, https:\/\/enveks.com\/ru\/wp-content\/uploads\/sites\/4\/2023\/06\/Fan-Puskurtmeli-Serinletme-ve-Dezenfeksiyon-Spreyleme-Sistemleri-2048x453.webp 2048w\" sizes=\"(max-width: 2560px) 100vw, 2560px\" \/>\t\t\t\t\t\t\t\t\t\t\t\t\t\t\t<\/div>\n\t\t\t\t<\/div>\n\t\t\t\t\t<\/div>\n\t\t<\/div>\n\t\t\t\t\t\t\t<\/div>\n\t\t<\/section>\n\t\t\t\t\t\t\t<\/div>\n\t\t","protected":false},"excerpt":{"rendered":"<p>\u0424\u0415\u0420\u041c\u0410 \u0414\u0415\u0417\u0418\u041d\u0424\u0415\u041a\u0426\u0418\u042f \u0418 \u041e\u0425\u041b\u0410\u0416\u0414\u0415\u041d\u0418\u0415 ENVEX \u043f\u0440\u0435\u0434\u043b\u0430\u0433\u0430\u0435\u0442 \u0443\u043d\u0438\u0432\u0435\u0440\u0441\u0430\u043b\u044c\u043d\u044b\u0435 \u0440\u0435\u0448\u0435\u043d\u0438\u044f \u0434\u043b\u044f \u043f\u0440\u0435\u0434\u043e\u0442\u0432\u0440\u0430\u0449\u0435\u043d\u0438\u044f \u043d\u0435\u0433\u0430\u0442\u0438\u0432\u043d\u043e\u0433\u043e \u0432\u043e\u0437\u0434\u0435\u0439\u0441\u0442\u0432\u0438\u044f \u0442\u0435\u043f\u043b\u0430 \u043d\u0430 \u0436\u0438\u0432\u043e\u0442\u043d\u044b\u0445 \u0432 \u0443\u0437\u043a\u0438\u0445 \u043f\u0440\u043e\u0441\u0442\u0440\u0430\u043d\u0441\u0442\u0432\u0430\u0445 \u0432 \u0436\u0430\u0440\u043a\u0438\u0445 \u043b\u0435\u0442\u043d\u0438\u0445 \u0443\u0441\u043b\u043e\u0432\u0438\u044f\u0445 \u043d\u0430 \u0444\u0435\u0440\u043c\u0430\u0445 \u043e\u0432\u0435\u0446 \u0438 \u043a\u0440\u0443\u043f\u043d\u043e\u0433\u043e \u0440\u043e\u0433\u0430\u0442\u043e\u0433\u043e \u0441\u043a\u043e\u0442\u0430, \u0434\u043b\u044f \u043f\u0440\u0435\u0434\u043e\u0442\u0432\u0440\u0430\u0449\u0435\u043d\u0438\u044f \u0431\u043e\u043b\u0435\u0437\u043d\u0435\u0439, \u043a\u043e\u0442\u043e\u0440\u044b\u0435 \u043b\u0435\u0433\u043a\u043e \u0440\u0430\u0441\u043f\u0440\u043e\u0441\u0442\u0440\u0430\u043d\u044f\u044e\u0442\u0441\u044f \u0441\u0440\u0435\u0434\u0438 \u0436\u0438\u0432\u043e\u0442\u043d\u044b\u0445, \u0434\u043b\u044f \u0434\u0435\u0437\u0438\u043d\u0444\u0435\u043a\u0446\u0438\u0438 \u0444\u0435\u0440\u043c, \u043f\u043e\u0434\u0430\u0432\u043b\u0435\u043d\u0438\u044f \u043f\u044b\u043b\u044c, \u043e\u0431\u0440\u0430\u0437\u0443\u044e\u0449\u0430\u044f\u0441\u044f \u043f\u0440\u0438 \u043f\u0435\u0440\u0435\u0434\u0432\u0438\u0436\u0435\u043d\u0438\u0438 \u0436\u0438\u0432\u043e\u0442\u043d\u044b\u0445. \u041f\u043e\u0434\u0440\u043e\u0431\u043d\u0430\u044f \u0438\u043d\u0444\u043e\u0440\u043c\u0430\u0446\u0438\u044f<\/p>\n","protected":false},"author":1,"featured_media":0,"parent":0,"menu_order":0,"comment_status":"closed","ping_status":"closed","template":"","meta":{"site-sidebar-layout":"no-sidebar","site-content-layout":"page-builder","ast-global-header-display":"","ast-banner-title-visibility":"","ast-main-header-display":"","ast-hfb-above-header-display":"","ast-hfb-below-header-display":"","ast-hfb-mobile-header-display":"","site-post-title":"disabled","ast-breadcrumbs-content":"","ast-featured-img":"disabled","footer-sml-layout":"","theme-transparent-header-meta":"","adv-header-id-meta":"","stick-header-meta":"","header-above-stick-meta":"","header-main-stick-meta":"","header-below-stick-meta":""},"_links":{"self":[{"href":"https:\/\/enveks.com\/ru\/wp-json\/wp\/v2\/pages\/5680"}],"collection":[{"href":"https:\/\/enveks.com\/ru\/wp-json\/wp\/v2\/pages"}],"about":[{"href":"https:\/\/enveks.com\/ru\/wp-json\/wp\/v2\/types\/page"}],"author":[{"embeddable":true,"href":"https:\/\/enveks.com\/ru\/wp-json\/wp\/v2\/users\/1"}],"replies":[{"embeddable":true,"href":"https:\/\/enveks.com\/ru\/wp-json\/wp\/v2\/comments?post=5680"}],"version-history":[{"count":7,"href":"https:\/\/enveks.com\/ru\/wp-json\/wp\/v2\/pages\/5680\/revisions"}],"predecessor-version":[{"id":5729,"href":"https:\/\/enveks.com\/ru\/wp-json\/wp\/v2\/pages\/5680\/revisions\/5729"}],"wp:attachment":[{"href":"https:\/\/enveks.com\/ru\/wp-json\/wp\/v2\/media?parent=5680"}],"curies":[{"name":"wp","href":"https:\/\/api.w.org\/{rel}","templated":true}]}}