{"id":5657,"date":"2023-07-04T15:26:44","date_gmt":"2023-07-04T12:26:44","guid":{"rendered":"https:\/\/enveks.com\/ru\/?page_id=5657"},"modified":"2023-07-05T11:02:25","modified_gmt":"2023-07-05T08:02:25","slug":"buz-onleme-kimyasallari-puskurtme","status":"publish","type":"page","link":"https:\/\/enveks.com\/ru\/buz-onleme-kimyasallari-puskurtme\/","title":{"rendered":"BUZ\u00a0\u00d6NLEME K\u0130MYASALLARI P\u00dcSK\u00dcRTME"},"content":{"rendered":"\t\t<div data-elementor-type=\"wp-page\" data-elementor-id=\"5657\" class=\"elementor elementor-5657\">\n\t\t\t\t\t\t\t\t\t<section class=\"elementor-section elementor-top-section elementor-element elementor-element-13002a72 elementor-section-boxed elementor-section-height-default elementor-section-height-default\" data-id=\"13002a72\" data-element_type=\"section\" data-settings=\"{&quot;background_background&quot;:&quot;classic&quot;}\">\n\t\t\t\t\t\t\t<div class=\"elementor-background-overlay\"><\/div>\n\t\t\t\t\t\t\t<div class=\"elementor-container elementor-column-gap-no\">\n\t\t\t\t\t<div class=\"elementor-column elementor-col-100 elementor-top-column elementor-element elementor-element-39919456\" data-id=\"39919456\" data-element_type=\"column\">\n\t\t\t<div class=\"elementor-widget-wrap elementor-element-populated\">\n\t\t\t\t\t\t\t\t<div class=\"elementor-element elementor-element-2eb603fd elementor-widget elementor-widget-heading\" data-id=\"2eb603fd\" data-element_type=\"widget\" data-widget_type=\"heading.default\">\n\t\t\t\t<div class=\"elementor-widget-container\">\n\t\t\t<style>\/*! elementor - v3.14.0 - 26-06-2023 *\/\n.elementor-heading-title{padding:0;margin:0;line-height:1}.elementor-widget-heading .elementor-heading-title[class*=elementor-size-]>a{color:inherit;font-size:inherit;line-height:inherit}.elementor-widget-heading .elementor-heading-title.elementor-size-small{font-size:15px}.elementor-widget-heading .elementor-heading-title.elementor-size-medium{font-size:19px}.elementor-widget-heading .elementor-heading-title.elementor-size-large{font-size:29px}.elementor-widget-heading .elementor-heading-title.elementor-size-xl{font-size:39px}.elementor-widget-heading .elementor-heading-title.elementor-size-xxl{font-size:59px}<\/style><h1 class=\"elementor-heading-title elementor-size-default\"><span class=\"birincitext\">\u041b\u0415\u0414 <\/span><span class=\"ikincitext\">\u041f\u0420\u041e\u0424\u0418\u041b\u0410\u041a\u0422\u0418\u041a\u0410<\/span><br><span class=\"ucuncutext\">\u0420\u0410\u0421\u041f\u042b\u041b\u0415\u041d\u0418\u0415 \u0425\u0418\u041c\u0418\u041a\u0410\u0422\u041e\u0412<\/span><\/h1>\t\t<\/div>\n\t\t\t\t<\/div>\n\t\t\t\t<div class=\"elementor-element elementor-element-3ac1c9ff elementor-widget elementor-widget-text-editor\" data-id=\"3ac1c9ff\" data-element_type=\"widget\" data-widget_type=\"text-editor.default\">\n\t\t\t\t<div class=\"elementor-widget-container\">\n\t\t\t<style>\/*! elementor - v3.14.0 - 26-06-2023 *\/\n.elementor-widget-text-editor.elementor-drop-cap-view-stacked .elementor-drop-cap{background-color:#69727d;color:#fff}.elementor-widget-text-editor.elementor-drop-cap-view-framed .elementor-drop-cap{color:#69727d;border:3px solid;background-color:transparent}.elementor-widget-text-editor:not(.elementor-drop-cap-view-default) .elementor-drop-cap{margin-top:8px}.elementor-widget-text-editor:not(.elementor-drop-cap-view-default) .elementor-drop-cap-letter{width:1em;height:1em}.elementor-widget-text-editor .elementor-drop-cap{float:left;text-align:center;line-height:1;font-size:50px}.elementor-widget-text-editor .elementor-drop-cap-letter{display:inline-block}<\/style>\t\t\t\t<p>\u0421\u043a\u043e\u043b\u044c\u0437\u043a\u0438\u0439 \u0433\u0440\u0443\u043d\u0442, \u044f\u0432\u043b\u044f\u044e\u0449\u0438\u0439\u0441\u044f \u043e\u0434\u043d\u0438\u043c \u0438\u0437 \u043d\u0435\u0433\u0430\u0442\u0438\u0432\u043d\u044b\u0445 \u043f\u043e\u0441\u043b\u0435\u0434\u0441\u0442\u0432\u0438\u0439 \u0441\u043d\u0435\u0433\u043e\u043f\u0430\u0434\u0430 \u0432 \u0445\u043e\u043b\u043e\u0434\u043d\u044b\u0445 \u043f\u043e\u0433\u043e\u0434\u043d\u044b\u0445 \u0443\u0441\u043b\u043e\u0432\u0438\u044f\u0445, \u0441\u043e\u0437\u0434\u0430\u0432\u0430\u0435\u043c\u044b\u0445 \u0437\u0438\u043c\u043e\u0439, \u0441\u043e\u0437\u0434\u0430\u0435\u0442 \u043e\u043f\u0430\u0441\u043d\u043e\u0441\u0442\u044c \u0434\u043b\u044f \u0436\u0438\u0437\u043d\u0438 \u043b\u044e\u0434\u0435\u0439 \u043d\u0430 \u043f\u0440\u043e\u043c\u044b\u0448\u043b\u0435\u043d\u043d\u044b\u0445 \u043e\u0431\u044a\u0435\u043a\u0442\u0430\u0445 \u0438 \u200b\u200b\u0432 \u043c\u0435\u0441\u0442\u0430\u0445 \u0441 \u0434\u0432\u0438\u0436\u0435\u043d\u0438\u0435\u043c \u0430\u0432\u0442\u043e\u0442\u0440\u0430\u043d\u0441\u043f\u043e\u0440\u0442\u0430 \u0432 \u043e\u0431\u0449\u0435\u0441\u0442\u0432\u0435\u043d\u043d\u044b\u0445 \u043c\u0435\u0441\u0442\u0430\u0445. \u042d\u0442\u0430 \u0441\u0438\u0442\u0443\u0430\u0446\u0438\u044f \u0432\u043b\u0438\u044f\u0435\u0442 \u043d\u0430 \u0441\u0435\u0431\u0435\u0441\u0442\u043e\u0438\u043c\u043e\u0441\u0442\u044c \u043f\u0440\u043e\u0434\u0443\u043a\u0446\u0438\u0438, \u043f\u043e\u0441\u043a\u043e\u043b\u044c\u043a\u0443 \u0437\u0430\u0442\u0440\u0443\u0434\u043d\u044f\u0435\u0442 \u0442\u0440\u0430\u043d\u0441\u043f\u043e\u0440\u0442\u0438\u0440\u043e\u0432\u043a\u0443 \u043d\u0430 \u043f\u0440\u043e\u043c\u044b\u0448\u043b\u0435\u043d\u043d\u044b\u0445 \u043e\u0431\u044a\u0435\u043a\u0442\u0430\u0445. \u0421\u043a\u043e\u043b\u044c\u0437\u043a\u0430\u044f \u0437\u0435\u043c\u043b\u044f, \u043f\u0440\u0435\u0434\u0441\u0442\u0430\u0432\u043b\u044f\u044e\u0449\u0430\u044f \u043e\u043f\u0430\u0441\u043d\u043e\u0441\u0442\u044c \u0434\u043b\u044f \u0433\u0440\u0443\u0437\u043e\u0432\u0438\u043a\u043e\u0432 \u0441 \u0442\u043e\u043f\u043b\u0438\u0432\u043e\u043c \u0432 \u0442\u0430\u043a\u0438\u0445 \u043e\u043f\u0430\u0441\u043d\u044b\u0445 \u0437\u043e\u043d\u0430\u0445, \u043a\u0430\u043a \u043d\u0435\u0444\u0442\u0435\u043f\u0435\u0440\u0435\u0440\u0430\u0431\u0430\u0442\u044b\u0432\u0430\u044e\u0449\u0438\u0435 \u0437\u0430\u0432\u043e\u0434\u044b, \u0442\u0430\u043a\u0436\u0435 \u0443\u0432\u0435\u043b\u0438\u0447\u0438\u0432\u0430\u0435\u0442 \u0440\u0438\u0441\u043a \u043d\u0435\u0441\u0447\u0430\u0441\u0442\u043d\u044b\u0445 \u0441\u043b\u0443\u0447\u0430\u0435\u0432 \u043d\u0430 \u0434\u0440\u0443\u0433\u0438\u0445 \u043f\u0440\u043e\u043c\u044b\u0448\u043b\u0435\u043d\u043d\u044b\u0445 \u043e\u0431\u044a\u0435\u043a\u0442\u0430\u0445. \u0421\u043a\u043e\u043b\u044c\u0437\u043a\u0438\u0435 \u0434\u043e\u0440\u043e\u0433\u0438 \u0442\u0430\u043a\u0436\u0435 \u043c\u0435\u0448\u0430\u044e\u0442 \u0434\u0432\u0438\u0436\u0435\u043d\u0438\u044e \u0433\u0440\u0430\u0436\u0434\u0430\u043d\u0441\u043a\u043e\u0433\u043e \u0442\u0440\u0430\u043d\u0441\u043f\u043e\u0440\u0442\u0430. \u0422\u0430\u043a\u0438\u043c \u043e\u0431\u0440\u0430\u0437\u043e\u043c, \u0435\u0441\u0442\u044c \u043f\u043e\u0442\u0435\u0440\u044f\u043d\u043d\u044b\u0435 \u0432\u0440\u0435\u043c\u0435\u043d\u0430 \u043a\u0430\u043a \u0432 \u043e\u0431\u0449\u0435\u0441\u0442\u0432\u0435\u043d\u043d\u043e\u0439 \u0436\u0438\u0437\u043d\u0438, \u0442\u0430\u043a \u0438 \u0432 \u0434\u0435\u043b\u043e\u0432\u043e\u0439 \u0436\u0438\u0437\u043d\u0438. \u041f\u0440\u043e\u0442\u0438\u0432\u043e\u043e\u0431\u043b\u0435\u0434\u0435\u043d\u0438\u0442\u0435\u043b\u044c\u043d\u044b\u0435 \u0441\u0438\u0441\u0442\u0435\u043c\u044b ENVEX \u043e\u0431\u043b\u0435\u0433\u0447\u0430\u044e\u0442 \u0436\u0438\u0437\u043d\u044c \u043b\u044e\u0434\u0435\u0439 \u0438 \u0431\u0438\u0437\u043d\u0435\u0441\u0430, \u0440\u0430\u0441\u043f\u044b\u043b\u044f\u044f \u0445\u0438\u043c\u0438\u0447\u0435\u0441\u043a\u0438\u0435 \u0432\u0435\u0449\u0435\u0441\u0442\u0432\u0430 \u043d\u0430 \u0432\u0441\u0435 \u043d\u0435\u0437\u0430\u043c\u0435\u0440\u0437\u0430\u044e\u0449\u0438\u0435 \u043f\u043e\u0432\u0435\u0440\u0445\u043d\u043e\u0441\u0442\u0438, \u0442\u0430\u043a\u0438\u0435 \u043a\u0430\u043a \u0430\u0432\u0442\u043e\u0441\u0442\u043e\u044f\u043d\u043a\u0438, \u0448\u043a\u043e\u043b\u044c\u043d\u044b\u0435 \u0434\u0432\u043e\u0440\u044b, \u0441\u0442\u0430\u0434\u0438\u043e\u043d\u044b \u0438 \u043e\u0442\u043a\u0440\u044b\u0442\u044b\u0435 \u0441\u043f\u043e\u0440\u0442\u0438\u0432\u043d\u044b\u0435 \u043f\u043b\u043e\u0449\u0430\u0434\u043a\u0438, \u043d\u0435\u0444\u0442\u0435\u043f\u0435\u0440\u0435\u0440\u0430\u0431\u0430\u0442\u044b\u0432\u0430\u044e\u0449\u0438\u0435 \u0437\u0430\u0432\u043e\u0434\u044b, \u0432\u0437\u043b\u0435\u0442\u043d\u043e-\u043f\u043e\u0441\u0430\u0434\u043e\u0447\u043d\u044b\u0435 \u043f\u043e\u043b\u043e\u0441\u044b \u0430\u044d\u0440\u043e\u043f\u043e\u0440\u0442\u043e\u0432, \u0444\u044e\u0437\u0435\u043b\u044f\u0436\u0438 \u0441\u0430\u043c\u043e\u043b\u0435\u0442\u043e\u0432, \u043f\u0430\u043b\u0443\u0431\u044b \u043a\u043e\u0440\u0430\u0431\u043b\u0435\u0439.<\/p>\t\t\t\t\t\t<\/div>\n\t\t\t\t<\/div>\n\t\t\t\t\t<\/div>\n\t\t<\/div>\n\t\t\t\t\t\t\t<\/div>\n\t\t<\/section>\n\t\t\t\t<section class=\"elementor-section elementor-top-section elementor-element elementor-element-94f5614 elementor-section-full_width elementor-section-height-full elementor-section-height-default elementor-section-items-middle\" data-id=\"94f5614\" data-element_type=\"section\" data-settings=\"{&quot;background_background&quot;:&quot;classic&quot;}\">\n\t\t\t\t\t\t<div class=\"elementor-container elementor-column-gap-default\">\n\t\t\t\t\t<div class=\"elementor-column elementor-col-100 elementor-top-column elementor-element elementor-element-774a2de5\" data-id=\"774a2de5\" data-element_type=\"column\">\n\t\t\t<div class=\"elementor-widget-wrap elementor-element-populated\">\n\t\t\t\t\t\t\t\t<div class=\"elementor-element elementor-element-180b30f2 elementor-widget elementor-widget-image\" data-id=\"180b30f2\" data-element_type=\"widget\" data-widget_type=\"image.default\">\n\t\t\t\t<div class=\"elementor-widget-container\">\n\t\t\t<style>\/*! elementor - v3.14.0 - 26-06-2023 *\/\n.elementor-widget-image{text-align:center}.elementor-widget-image a{display:inline-block}.elementor-widget-image a img[src$=\".svg\"]{width:48px}.elementor-widget-image img{vertical-align:middle;display:inline-block}<\/style>\t\t\t\t\t\t\t\t\t\t\t\t<img decoding=\"async\" width=\"300\" height=\"139\" src=\"https:\/\/enveks.com\/ru\/wp-content\/uploads\/sites\/4\/2023\/06\/bo-300x139.jpeg\" class=\"attachment-medium size-medium wp-image-4477\" alt=\"\" loading=\"lazy\" srcset=\"https:\/\/enveks.com\/ru\/wp-content\/uploads\/sites\/4\/2023\/06\/bo-300x139.jpeg 300w, https:\/\/enveks.com\/ru\/wp-content\/uploads\/sites\/4\/2023\/06\/bo.jpeg 498w\" sizes=\"(max-width: 300px) 100vw, 300px\" \/>\t\t\t\t\t\t\t\t\t\t\t\t\t\t\t<\/div>\n\t\t\t\t<\/div>\n\t\t\t\t<div class=\"elementor-element elementor-element-9269509 elementor-align-right elementor-widget__width-initial elementor-widget elementor-widget-button\" data-id=\"9269509\" data-element_type=\"widget\" data-widget_type=\"button.default\">\n\t\t\t\t<div class=\"elementor-widget-container\">\n\t\t\t\t\t<div class=\"elementor-button-wrapper\">\n\t\t\t<a class=\"elementor-button elementor-button-link elementor-size-sm\" href=\"\/iletisim\">\n\t\t\t\t\t\t<span class=\"elementor-button-content-wrapper\">\n\t\t\t\t\t\t<span class=\"elementor-button-text\">\u041f\u043e\u0434\u0440\u043e\u0431\u043d\u0430\u044f \u0438\u043d\u0444\u043e\u0440\u043c\u0430\u0446\u0438\u044f<\/span>\n\t\t<\/span>\n\t\t\t\t\t<\/a>\n\t\t<\/div>\n\t\t\t\t<\/div>\n\t\t\t\t<\/div>\n\t\t\t\t\t<\/div>\n\t\t<\/div>\n\t\t\t\t\t\t\t<\/div>\n\t\t<\/section>\n\t\t\t\t\t\t\t<\/div>\n\t\t","protected":false},"excerpt":{"rendered":"<p>\u041b\u0415\u0414 \u041f\u0420\u041e\u0424\u0418\u041b\u0410\u041a\u0422\u0418\u041a\u0410\u0420\u0410\u0421\u041f\u042b\u041b\u0415\u041d\u0418\u0415 \u0425\u0418\u041c\u0418\u041a\u0410\u0422\u041e\u0412 \u0421\u043a\u043e\u043b\u044c\u0437\u043a\u0438\u0439 \u0433\u0440\u0443\u043d\u0442, \u044f\u0432\u043b\u044f\u044e\u0449\u0438\u0439\u0441\u044f \u043e\u0434\u043d\u0438\u043c \u0438\u0437 \u043d\u0435\u0433\u0430\u0442\u0438\u0432\u043d\u044b\u0445 \u043f\u043e\u0441\u043b\u0435\u0434\u0441\u0442\u0432\u0438\u0439 \u0441\u043d\u0435\u0433\u043e\u043f\u0430\u0434\u0430 \u0432 \u0445\u043e\u043b\u043e\u0434\u043d\u044b\u0445 \u043f\u043e\u0433\u043e\u0434\u043d\u044b\u0445 \u0443\u0441\u043b\u043e\u0432\u0438\u044f\u0445, \u0441\u043e\u0437\u0434\u0430\u0432\u0430\u0435\u043c\u044b\u0445 \u0437\u0438\u043c\u043e\u0439, \u0441\u043e\u0437\u0434\u0430\u0435\u0442 \u043e\u043f\u0430\u0441\u043d\u043e\u0441\u0442\u044c \u0434\u043b\u044f \u0436\u0438\u0437\u043d\u0438 \u043b\u044e\u0434\u0435\u0439 \u043d\u0430 \u043f\u0440\u043e\u043c\u044b\u0448\u043b\u0435\u043d\u043d\u044b\u0445 \u043e\u0431\u044a\u0435\u043a\u0442\u0430\u0445 \u0438 \u200b\u200b\u0432 \u043c\u0435\u0441\u0442\u0430\u0445 \u0441 \u0434\u0432\u0438\u0436\u0435\u043d\u0438\u0435\u043c \u0430\u0432\u0442\u043e\u0442\u0440\u0430\u043d\u0441\u043f\u043e\u0440\u0442\u0430 \u0432 \u043e\u0431\u0449\u0435\u0441\u0442\u0432\u0435\u043d\u043d\u044b\u0445 \u043c\u0435\u0441\u0442\u0430\u0445. \u042d\u0442\u0430 \u0441\u0438\u0442\u0443\u0430\u0446\u0438\u044f \u0432\u043b\u0438\u044f\u0435\u0442 \u043d\u0430 \u0441\u0435\u0431\u0435\u0441\u0442\u043e\u0438\u043c\u043e\u0441\u0442\u044c \u043f\u0440\u043e\u0434\u0443\u043a\u0446\u0438\u0438, \u043f\u043e\u0441\u043a\u043e\u043b\u044c\u043a\u0443 \u0437\u0430\u0442\u0440\u0443\u0434\u043d\u044f\u0435\u0442 \u0442\u0440\u0430\u043d\u0441\u043f\u043e\u0440\u0442\u0438\u0440\u043e\u0432\u043a\u0443 \u043d\u0430 \u043f\u0440\u043e\u043c\u044b\u0448\u043b\u0435\u043d\u043d\u044b\u0445 \u043e\u0431\u044a\u0435\u043a\u0442\u0430\u0445. \u0421\u043a\u043e\u043b\u044c\u0437\u043a\u0430\u044f \u0437\u0435\u043c\u043b\u044f, \u043f\u0440\u0435\u0434\u0441\u0442\u0430\u0432\u043b\u044f\u044e\u0449\u0430\u044f \u043e\u043f\u0430\u0441\u043d\u043e\u0441\u0442\u044c \u0434\u043b\u044f \u0433\u0440\u0443\u0437\u043e\u0432\u0438\u043a\u043e\u0432 \u0441 \u0442\u043e\u043f\u043b\u0438\u0432\u043e\u043c \u0432 &hellip;<\/p>\n<p class=\"read-more\"> <a class=\"\" href=\"https:\/\/enveks.com\/ru\/buz-onleme-kimyasallari-puskurtme\/\"> <span class=\"screen-reader-text\">BUZ\u00a0\u00d6NLEME K\u0130MYASALLARI P\u00dcSK\u00dcRTME<\/span> Devam\u0131 &raquo;<\/a><\/p>\n","protected":false},"author":1,"featured_media":0,"parent":0,"menu_order":0,"comment_status":"closed","ping_status":"closed","template":"","meta":{"site-sidebar-layout":"no-sidebar","site-content-layout":"page-builder","ast-global-header-display":"","ast-banner-title-visibility":"","ast-main-header-display":"","ast-hfb-above-header-display":"","ast-hfb-below-header-display":"","ast-hfb-mobile-header-display":"","site-post-title":"disabled","ast-breadcrumbs-content":"","ast-featured-img":"disabled","footer-sml-layout":"","theme-transparent-header-meta":"","adv-header-id-meta":"","stick-header-meta":"","header-above-stick-meta":"","header-main-stick-meta":"","header-below-stick-meta":""},"_links":{"self":[{"href":"https:\/\/enveks.com\/ru\/wp-json\/wp\/v2\/pages\/5657"}],"collection":[{"href":"https:\/\/enveks.com\/ru\/wp-json\/wp\/v2\/pages"}],"about":[{"href":"https:\/\/enveks.com\/ru\/wp-json\/wp\/v2\/types\/page"}],"author":[{"embeddable":true,"href":"https:\/\/enveks.com\/ru\/wp-json\/wp\/v2\/users\/1"}],"replies":[{"embeddable":true,"href":"https:\/\/enveks.com\/ru\/wp-json\/wp\/v2\/comments?post=5657"}],"version-history":[{"count":7,"href":"https:\/\/enveks.com\/ru\/wp-json\/wp\/v2\/pages\/5657\/revisions"}],"predecessor-version":[{"id":5723,"href":"https:\/\/enveks.com\/ru\/wp-json\/wp\/v2\/pages\/5657\/revisions\/5723"}],"wp:attachment":[{"href":"https:\/\/enveks.com\/ru\/wp-json\/wp\/v2\/media?parent=5657"}],"curies":[{"name":"wp","href":"https:\/\/api.w.org\/{rel}","templated":true}]}}