{"id":5753,"date":"2023-07-05T10:42:59","date_gmt":"2023-07-05T07:42:59","guid":{"rendered":"https:\/\/enveks.com\/fr\/?page_id=5753"},"modified":"2026-01-06T17:11:48","modified_gmt":"2026-01-06T14:11:48","slug":"tek-akiskanli-toz-bastirma-sistemi","status":"publish","type":"page","link":"https:\/\/enveks.com\/fr\/tek-akiskanli-toz-bastirma-sistemi\/","title":{"rendered":"TEK AKI\u015eKANLI TOZ BASTIRMA S\u0130STEM\u0130"},"content":{"rendered":"\t\t<div data-elementor-type=\"wp-page\" data-elementor-id=\"5753\" class=\"elementor elementor-5753\">\n\t\t\t\t\t\t\t\t\t<section class=\"elementor-section elementor-top-section elementor-element elementor-element-fab5747 elementor-section-boxed elementor-section-height-default elementor-section-height-default\" data-id=\"fab5747\" data-element_type=\"section\">\n\t\t\t\t\t\t\t<div class=\"elementor-background-overlay\"><\/div>\n\t\t\t\t\t\t\t<div class=\"elementor-container elementor-column-gap-default\">\n\t\t\t\t\t<div class=\"elementor-column elementor-col-100 elementor-top-column elementor-element elementor-element-e0184c2\" data-id=\"e0184c2\" data-element_type=\"column\">\n\t\t\t<div class=\"elementor-widget-wrap elementor-element-populated\">\n\t\t\t\t\t\t\t\t<div class=\"elementor-element elementor-element-ae1a7f6 elementor-widget elementor-widget-heading\" data-id=\"ae1a7f6\" data-element_type=\"widget\" data-widget_type=\"heading.default\">\n\t\t\t\t<div class=\"elementor-widget-container\">\n\t\t\t<style>\/*! elementor - v3.14.0 - 26-06-2023 *\/\n.elementor-heading-title{padding:0;margin:0;line-height:1}.elementor-widget-heading .elementor-heading-title[class*=elementor-size-]>a{color:inherit;font-size:inherit;line-height:inherit}.elementor-widget-heading .elementor-heading-title.elementor-size-small{font-size:15px}.elementor-widget-heading .elementor-heading-title.elementor-size-medium{font-size:19px}.elementor-widget-heading .elementor-heading-title.elementor-size-large{font-size:29px}.elementor-widget-heading .elementor-heading-title.elementor-size-xl{font-size:39px}.elementor-widget-heading .elementor-heading-title.elementor-size-xxl{font-size:59px}<\/style><h1 class=\"elementor-heading-title elementor-size-default\"><span class=\"birincitext\"> SYST\u00c8MES DE D\u00c9POUSSI\u00c9RAGE \u00c0  <span class=\"ikincitext\">\n\n PULV\u00c9RISATION HYDRAULIQUE \u00c0   <\/span<\/span><span class=\"ucuncutext\">FLUIDE UNIQUE<\/span>\n<\/h1>\t\t<\/div>\n\t\t\t\t<\/div>\n\t\t\t\t\t<\/div>\n\t\t<\/div>\n\t\t\t\t\t\t\t<\/div>\n\t\t<\/section>\n\t\t\t\t<section class=\"elementor-section elementor-top-section elementor-element elementor-element-b66befe elementor-section-boxed elementor-section-height-default elementor-section-height-default\" data-id=\"b66befe\" data-element_type=\"section\">\n\t\t\t\t\t\t\t<div class=\"elementor-background-overlay\"><\/div>\n\t\t\t\t\t\t\t<div class=\"elementor-container elementor-column-gap-default\">\n\t\t\t\t\t<div class=\"elementor-column elementor-col-100 elementor-top-column elementor-element elementor-element-9c1b778\" data-id=\"9c1b778\" data-element_type=\"column\">\n\t\t\t<div class=\"elementor-widget-wrap elementor-element-populated\">\n\t\t\t\t\t\t\t\t<section class=\"elementor-section elementor-inner-section elementor-element elementor-element-e226f99 elementor-section-boxed elementor-section-height-default elementor-section-height-default\" data-id=\"e226f99\" data-element_type=\"section\">\n\t\t\t\t\t\t<div class=\"elementor-container elementor-column-gap-default\">\n\t\t\t\t\t<div class=\"elementor-column elementor-col-50 elementor-inner-column elementor-element elementor-element-5064b25\" data-id=\"5064b25\" data-element_type=\"column\">\n\t\t\t<div class=\"elementor-widget-wrap elementor-element-populated\">\n\t\t\t\t\t\t\t\t<div class=\"elementor-element elementor-element-0ce04d7 elementor-widget elementor-widget-text-editor\" data-id=\"0ce04d7\" data-element_type=\"widget\" data-widget_type=\"text-editor.default\">\n\t\t\t\t<div class=\"elementor-widget-container\">\n\t\t\t<style>\/*! elementor - v3.14.0 - 26-06-2023 *\/\n.elementor-widget-text-editor.elementor-drop-cap-view-stacked .elementor-drop-cap{background-color:#69727d;color:#fff}.elementor-widget-text-editor.elementor-drop-cap-view-framed .elementor-drop-cap{color:#69727d;border:3px solid;background-color:transparent}.elementor-widget-text-editor:not(.elementor-drop-cap-view-default) .elementor-drop-cap{margin-top:8px}.elementor-widget-text-editor:not(.elementor-drop-cap-view-default) .elementor-drop-cap-letter{width:1em;height:1em}.elementor-widget-text-editor .elementor-drop-cap{float:left;text-align:center;line-height:1;font-size:50px}.elementor-widget-text-editor .elementor-drop-cap-letter{display:inline-block}<\/style>\t\t\t\t<div class=\"text-justify font-semibold\"><div class=\"text-justify\"><div class=\"text-justify\"><div><strong>Les syst\u00e8mes de suppression de poussi\u00e8re Dry Fog (\u00e0 air et eau sous pression)<\/strong>\u00a0sont une solution hautement efficace et de technologie avanc\u00e9e pour contr\u00f4ler les fines particules de poussi\u00e8re.<\/div><div>\u00a0<\/div><\/div><div class=\"text-justify\"><div><strong>Dans ces syst\u00e8mes, de l&#8217;eau et de l&#8217;air comprim\u00e9s sont utilis\u00e9s ensemble pour briser l&#8217;eau en gouttelettes de taille micronique (l&#8217;atomiser).<\/strong>\u00a0L&#8217;objectif principal est d&#8217;\u00e9liminer les probl\u00e8mes de surhumectation et de contr\u00f4ler la poussi\u00e8re avec\u00a0<strong>une consommation d&#8217;eau minimale<\/strong>\u00a0et\u00a0<strong>une efficacit\u00e9 maximale<\/strong>.<\/div><div>\u00a0<\/div><\/div><div class=\"text-justify\"><div><strong>\u00c9tant donn\u00e9 que l&#8217;eau pulv\u00e9ris\u00e9e dans la zone g\u00e9n\u00e9ratrice de poussi\u00e8re dans ce syst\u00e8me a une taille de 5 \u00e0 50 microns et que le syst\u00e8me fonctionne enti\u00e8rement automatiquement, l&#8217;apparition des probl\u00e8mes suivants n&#8217;est pas possible.<\/strong><\/div><div><strong>\u00a0<\/strong><\/div><ul class=\"list-disc ml-6 mt-2 space-y-1\"><li>Colmatage des cribles<\/li><li>Adh\u00e9rence du mat\u00e9riau aux bandes transporteuses<\/li><li>Mouillage et glissement des bandes transporteuses<\/li><li>Rev\u00eatement de la surface du mat\u00e9riau grossier par des particules fines et de remplissage de petite taille<\/li><\/ul><\/div><div class=\"text-justify\">\u00a0<\/div><\/div><\/div>\t\t\t\t\t\t<\/div>\n\t\t\t\t<\/div>\n\t\t\t\t\t<\/div>\n\t\t<\/div>\n\t\t\t\t<div class=\"elementor-column elementor-col-50 elementor-inner-column elementor-element elementor-element-5e2b5c0\" data-id=\"5e2b5c0\" data-element_type=\"column\">\n\t\t\t<div class=\"elementor-widget-wrap elementor-element-populated\">\n\t\t\t\t\t\t\t\t<div class=\"elementor-element elementor-element-a6ef03e elementor-widget elementor-widget-text-editor\" data-id=\"a6ef03e\" data-element_type=\"widget\" data-widget_type=\"text-editor.default\">\n\t\t\t\t<div class=\"elementor-widget-container\">\n\t\t\t\t\t\t\t<div>\n<div>\n<div>\n<div><span style=\"font-size: 1rem;\">Cette fonctionnalit\u00e9 permet des \u00e9conomies significatives \u00e0 la fois en consommation d&#8217;eau et d&#8217;\u00e9nergie tout en :<\/span><\/div>\n<\/div>\n<div>\n<div><br><\/div>\n<ul>\n<li>Emp\u00eachant les bandes transporteuses de devenir mouill\u00e9es et glissantes<\/li>\n<li>Arr\u00eatant l&#8217;adh\u00e9rence du mat\u00e9riau \u00e0 la bande<\/li>\n<\/ul>\n<\/div>\n<div>\n<div><strong>Les syst\u00e8mes Dry Fog sont particuli\u00e8rement efficaces pour supprimer les particules PM10 et plus petites.<\/strong>&nbsp;Cela am\u00e9liore&nbsp;<strong>la sant\u00e9 et la s\u00e9curit\u00e9 au travail<\/strong>&nbsp;et&nbsp;<strong>contr\u00f4le la dispersion environnementale de la poussi\u00e8re<\/strong>, boostant l&#8217;efficacit\u00e9 de production.<\/div>\n<div><br><\/div>\n<div>Domaines d&#8217;Application Dry Fog<\/div>\n<\/div>\n<div>\n<ul>\n<li><strong>Installations de Concassage et de Criblage :<\/strong>&nbsp;Granulats, Or, Cuivre, Charbon, Chrome, Zinc, Minerai de Fer, Calcaire, Gypse, Feldspath, Trass, Basalte, etc.<\/li>\n<li><strong>Points de Transfert des Convoyeurs \u00e0 Bande<\/strong>&nbsp;suppression efficace de la poussi\u00e8re dans les zones de transfert de mat\u00e9riau.<\/li>\n<\/ul>\n<\/div>\n<\/div>\n<\/div>\t\t\t\t\t\t<\/div>\n\t\t\t\t<\/div>\n\t\t\t\t\t<\/div>\n\t\t<\/div>\n\t\t\t\t\t\t\t<\/div>\n\t\t<\/section>\n\t\t\t\t\t<\/div>\n\t\t<\/div>\n\t\t\t\t\t\t\t<\/div>\n\t\t<\/section>\n\t\t\t\t<section class=\"elementor-section elementor-top-section elementor-element elementor-element-aab30d1 elementor-section-full_width elementor-section-height-default elementor-section-height-default\" data-id=\"aab30d1\" data-element_type=\"section\" data-settings=\"{&quot;background_background&quot;:&quot;classic&quot;}\">\n\t\t\t\t\t\t<div class=\"elementor-container elementor-column-gap-default\">\n\t\t\t\t\t<div class=\"elementor-column elementor-col-100 elementor-top-column elementor-element elementor-element-0907504\" data-id=\"0907504\" data-element_type=\"column\">\n\t\t\t<div class=\"elementor-widget-wrap elementor-element-populated\">\n\t\t\t\t\t\t\t\t<div class=\"elementor-element elementor-element-d24552e elementor-widget elementor-widget-video\" data-id=\"d24552e\" data-element_type=\"widget\" data-settings=\"{&quot;video_type&quot;:&quot;hosted&quot;,&quot;autoplay&quot;:&quot;yes&quot;,&quot;mute&quot;:&quot;yes&quot;,&quot;loop&quot;:&quot;yes&quot;}\" data-widget_type=\"video.default\">\n\t\t\t\t<div class=\"elementor-widget-container\">\n\t\t\t<style>\/*! elementor - v3.14.0 - 26-06-2023 *\/\n.elementor-widget-video .elementor-widget-container{overflow:hidden;transform:translateZ(0)}.elementor-widget-video .elementor-wrapper{aspect-ratio:var(--video-aspect-ratio)}.elementor-widget-video .elementor-wrapper iframe,.elementor-widget-video .elementor-wrapper video{height:100%;width:100%;display:flex;border:none;background-color:#000}@supports not (aspect-ratio:1\/1){.elementor-widget-video .elementor-wrapper{position:relative;overflow:hidden;height:0;padding-bottom:calc(100% \/ var(--video-aspect-ratio))}.elementor-widget-video .elementor-wrapper iframe,.elementor-widget-video .elementor-wrapper video{position:absolute;top:0;right:0;bottom:0;left:0}}.elementor-widget-video .elementor-open-inline .elementor-custom-embed-image-overlay{position:absolute;top:0;left:0;width:100%;height:100%;background-size:cover;background-position:50%}.elementor-widget-video .elementor-custom-embed-image-overlay{cursor:pointer;text-align:center}.elementor-widget-video .elementor-custom-embed-image-overlay:hover .elementor-custom-embed-play i{opacity:1}.elementor-widget-video .elementor-custom-embed-image-overlay img{display:block;width:100%}.elementor-widget-video .e-hosted-video .elementor-video{-o-object-fit:cover;object-fit:cover}.e-con-inner>.elementor-widget-video,.e-con>.elementor-widget-video{width:var(--container-widget-width);--flex-grow:var(--container-widget-flex-grow)}<\/style>\t\t<div class=\"e-hosted-video elementor-wrapper elementor-open-inline\">\n\t\t\t\t\t<video class=\"elementor-video\" src=\"https:\/\/enveks.com\/fr\/wp-content\/uploads\/sites\/7\/2026\/01\/dry-fog-dust-control-system-video.mp4\" autoplay=\"\" loop=\"\" muted=\"muted\" controlsList=\"nodownload\" poster=\"https:\/\/enveks.com\/fr\/wp-content\/uploads\/sites\/7\/2026\/01\/dry-fog-dust-control-system-video-thumbnail.png\"><\/video>\n\t\t\t\t<\/div>\n\t\t\t\t<\/div>\n\t\t\t\t<\/div>\n\t\t\t\t\t<\/div>\n\t\t<\/div>\n\t\t\t\t\t\t\t<\/div>\n\t\t<\/section>\n\t\t\t\t\t\t\t<\/div>\n\t\t","protected":false},"excerpt":{"rendered":"<p>SYST\u00c8MES DE D\u00c9POUSSI\u00c9RAGE \u00c0 PULV\u00c9RISATION HYDRAULIQUE \u00c0 FLUIDE UNIQUE Les syst\u00e8mes de suppression de poussi\u00e8re Dry Fog (\u00e0 air et eau sous pression)\u00a0sont une solution hautement efficace et de technologie avanc\u00e9e pour contr\u00f4ler les fines particules de poussi\u00e8re.\u00a0Dans ces syst\u00e8mes, de l&#8217;eau et de l&#8217;air comprim\u00e9s sont utilis\u00e9s ensemble pour briser l&#8217;eau en gouttelettes de &hellip;<\/p>\n<p class=\"read-more\"> <a class=\"\" href=\"https:\/\/enveks.com\/fr\/tek-akiskanli-toz-bastirma-sistemi\/\"> <span class=\"screen-reader-text\">TEK AKI\u015eKANLI TOZ BASTIRMA S\u0130STEM\u0130<\/span> Devam\u0131 &raquo;<\/a><\/p>\n","protected":false},"author":1,"featured_media":0,"parent":0,"menu_order":0,"comment_status":"closed","ping_status":"closed","template":"","meta":{"site-sidebar-layout":"no-sidebar","site-content-layout":"page-builder","ast-global-header-display":"","ast-banner-title-visibility":"","ast-main-header-display":"","ast-hfb-above-header-display":"","ast-hfb-below-header-display":"","ast-hfb-mobile-header-display":"","site-post-title":"disabled","ast-breadcrumbs-content":"","ast-featured-img":"disabled","footer-sml-layout":"","theme-transparent-header-meta":"","adv-header-id-meta":"","stick-header-meta":"","header-above-stick-meta":"","header-main-stick-meta":"","header-below-stick-meta":""},"_links":{"self":[{"href":"https:\/\/enveks.com\/fr\/wp-json\/wp\/v2\/pages\/5753"}],"collection":[{"href":"https:\/\/enveks.com\/fr\/wp-json\/wp\/v2\/pages"}],"about":[{"href":"https:\/\/enveks.com\/fr\/wp-json\/wp\/v2\/types\/page"}],"author":[{"embeddable":true,"href":"https:\/\/enveks.com\/fr\/wp-json\/wp\/v2\/users\/1"}],"replies":[{"embeddable":true,"href":"https:\/\/enveks.com\/fr\/wp-json\/wp\/v2\/comments?post=5753"}],"version-history":[{"count":16,"href":"https:\/\/enveks.com\/fr\/wp-json\/wp\/v2\/pages\/5753\/revisions"}],"predecessor-version":[{"id":6483,"href":"https:\/\/enveks.com\/fr\/wp-json\/wp\/v2\/pages\/5753\/revisions\/6483"}],"wp:attachment":[{"href":"https:\/\/enveks.com\/fr\/wp-json\/wp\/v2\/media?parent=5753"}],"curies":[{"name":"wp","href":"https:\/\/api.w.org\/{rel}","templated":true}]}}