{"id":5738,"date":"2023-07-04T16:40:22","date_gmt":"2023-07-04T13:40:22","guid":{"rendered":"https:\/\/enveks.com\/fr\/?page_id=5738"},"modified":"2023-09-01T15:46:11","modified_gmt":"2023-09-01T12:46:11","slug":"halka-acik-alanlardadezenfektasyon-ve-serinletme","status":"publish","type":"page","link":"https:\/\/enveks.com\/fr\/halka-acik-alanlardadezenfektasyon-ve-serinletme\/","title":{"rendered":"HALKA A\u00c7IK ALANLARDA  DEZENFEKTASYON VE SER\u0130NLETME"},"content":{"rendered":"\t\t<div data-elementor-type=\"wp-page\" data-elementor-id=\"5738\" class=\"elementor elementor-5738\">\n\t\t\t\t\t\t\t\t\t<section class=\"elementor-section elementor-top-section elementor-element elementor-element-1a5816a4 elementor-section-boxed elementor-section-height-default elementor-section-height-default\" data-id=\"1a5816a4\" data-element_type=\"section\" data-settings=\"{&quot;background_background&quot;:&quot;classic&quot;}\">\n\t\t\t\t\t\t\t<div class=\"elementor-background-overlay\"><\/div>\n\t\t\t\t\t\t\t<div class=\"elementor-container elementor-column-gap-no\">\n\t\t\t\t\t<div class=\"elementor-column elementor-col-100 elementor-top-column elementor-element elementor-element-7a8072d6\" data-id=\"7a8072d6\" data-element_type=\"column\">\n\t\t\t<div class=\"elementor-widget-wrap elementor-element-populated\">\n\t\t\t\t\t\t\t\t<div class=\"elementor-element elementor-element-2697f7b7 elementor-widget elementor-widget-heading\" data-id=\"2697f7b7\" data-element_type=\"widget\" data-widget_type=\"heading.default\">\n\t\t\t\t<div class=\"elementor-widget-container\">\n\t\t\t<style>\/*! elementor - v3.14.0 - 26-06-2023 *\/\n.elementor-heading-title{padding:0;margin:0;line-height:1}.elementor-widget-heading .elementor-heading-title[class*=elementor-size-]>a{color:inherit;font-size:inherit;line-height:inherit}.elementor-widget-heading .elementor-heading-title.elementor-size-small{font-size:15px}.elementor-widget-heading .elementor-heading-title.elementor-size-medium{font-size:19px}.elementor-widget-heading .elementor-heading-title.elementor-size-large{font-size:29px}.elementor-widget-heading .elementor-heading-title.elementor-size-xl{font-size:39px}.elementor-widget-heading .elementor-heading-title.elementor-size-xxl{font-size:59px}<\/style><h1 class=\"elementor-heading-title elementor-size-default\"><span class=\"birincitext\">D\u00c9SINFECTION <\/span><span class=\"ikincitext\">ET REFROIDISSEMENT<\/span><br><span class=\"ucuncutext\">\n DES LIEUX PUBLICS<\/span>\n\n<\/h1>\t\t<\/div>\n\t\t\t\t<\/div>\n\t\t\t\t<div class=\"elementor-element elementor-element-355c8302 elementor-widget elementor-widget-text-editor\" data-id=\"355c8302\" data-element_type=\"widget\" data-widget_type=\"text-editor.default\">\n\t\t\t\t<div class=\"elementor-widget-container\">\n\t\t\t<style>\/*! elementor - v3.14.0 - 26-06-2023 *\/\n.elementor-widget-text-editor.elementor-drop-cap-view-stacked .elementor-drop-cap{background-color:#69727d;color:#fff}.elementor-widget-text-editor.elementor-drop-cap-view-framed .elementor-drop-cap{color:#69727d;border:3px solid;background-color:transparent}.elementor-widget-text-editor:not(.elementor-drop-cap-view-default) .elementor-drop-cap{margin-top:8px}.elementor-widget-text-editor:not(.elementor-drop-cap-view-default) .elementor-drop-cap-letter{width:1em;height:1em}.elementor-widget-text-editor .elementor-drop-cap{float:left;text-align:center;line-height:1;font-size:50px}.elementor-widget-text-editor .elementor-drop-cap-letter{display:inline-block}<\/style>\t\t\t\t&#8221;\nENVEX fournit des solutions universelles en mati\u00e8re de d\u00e9sinfection et de refroidissement pour les activit\u00e9s en plein air telles que les r\u00e9unions, les concerts, les plages, les piscines, les stades o\u00f9 l&#8217;on constate une forte augmentation du trafic humain dans des espaces limit\u00e9s.&#8221;\n\t\t\t\t\t\t<\/div>\n\t\t\t\t<\/div>\n\t\t\t\t\t<\/div>\n\t\t<\/div>\n\t\t\t\t\t\t\t<\/div>\n\t\t<\/section>\n\t\t\t\t<section class=\"elementor-section elementor-top-section elementor-element elementor-element-54b928c elementor-section-full_width elementor-section-height-full elementor-section-height-default elementor-section-items-middle\" data-id=\"54b928c\" data-element_type=\"section\" data-settings=\"{&quot;background_background&quot;:&quot;classic&quot;}\">\n\t\t\t\t\t\t\t<div class=\"elementor-background-overlay\"><\/div>\n\t\t\t\t\t\t\t<div class=\"elementor-container elementor-column-gap-default\">\n\t\t\t\t\t<div class=\"elementor-column elementor-col-100 elementor-top-column elementor-element elementor-element-433e720a\" data-id=\"433e720a\" data-element_type=\"column\">\n\t\t\t<div class=\"elementor-widget-wrap elementor-element-populated\">\n\t\t\t\t\t\t\t\t<div class=\"elementor-element elementor-element-4a6b4829 elementor-widget elementor-widget-image\" data-id=\"4a6b4829\" data-element_type=\"widget\" data-widget_type=\"image.default\">\n\t\t\t\t<div class=\"elementor-widget-container\">\n\t\t\t<style>\/*! elementor - v3.14.0 - 26-06-2023 *\/\n.elementor-widget-image{text-align:center}.elementor-widget-image a{display:inline-block}.elementor-widget-image a img[src$=\".svg\"]{width:48px}.elementor-widget-image img{vertical-align:middle;display:inline-block}<\/style>\t\t\t\t\t\t\t\t\t\t\t\t<img decoding=\"async\" width=\"300\" height=\"188\" src=\"https:\/\/enveks.com\/fr\/wp-content\/uploads\/sites\/7\/2023\/07\/21-300x188.webp\" class=\"attachment-medium size-medium wp-image-5743\" alt=\"\" loading=\"lazy\" srcset=\"https:\/\/enveks.com\/fr\/wp-content\/uploads\/sites\/7\/2023\/07\/21-300x188.webp 300w, https:\/\/enveks.com\/fr\/wp-content\/uploads\/sites\/7\/2023\/07\/21.webp 498w\" sizes=\"(max-width: 300px) 100vw, 300px\" \/>\t\t\t\t\t\t\t\t\t\t\t\t\t\t\t<\/div>\n\t\t\t\t<\/div>\n\t\t\t\t<div class=\"elementor-element elementor-element-fe39a11 elementor-align-right elementor-widget__width-initial elementor-widget elementor-widget-button\" data-id=\"fe39a11\" data-element_type=\"widget\" data-widget_type=\"button.default\">\n\t\t\t\t<div class=\"elementor-widget-container\">\n\t\t\t\t\t<div class=\"elementor-button-wrapper\">\n\t\t\t<a class=\"elementor-button elementor-button-link elementor-size-sm\" href=\"\/fr\/iletisim\">\n\t\t\t\t\t\t<span class=\"elementor-button-content-wrapper\">\n\t\t\t\t\t\t<span class=\"elementor-button-text\">Plus<\/span>\n\t\t<\/span>\n\t\t\t\t\t<\/a>\n\t\t<\/div>\n\t\t\t\t<\/div>\n\t\t\t\t<\/div>\n\t\t\t\t\t<\/div>\n\t\t<\/div>\n\t\t\t\t\t\t\t<\/div>\n\t\t<\/section>\n\t\t\t\t\t\t\t<\/div>\n\t\t","protected":false},"excerpt":{"rendered":"<p>D\u00c9SINFECTION ET REFROIDISSEMENT DES LIEUX PUBLICS &#8220; ENVEX fournit des solutions universelles en mati\u00e8re de d\u00e9sinfection et de refroidissement pour les activit\u00e9s en plein air telles que les r\u00e9unions, les concerts, les plages, les piscines, les stades o\u00f9 l&#8217;on constate une forte augmentation du trafic humain dans des espaces limit\u00e9s.&#8221; Plus<\/p>\n","protected":false},"author":1,"featured_media":0,"parent":0,"menu_order":0,"comment_status":"closed","ping_status":"closed","template":"","meta":{"site-sidebar-layout":"no-sidebar","site-content-layout":"page-builder","ast-global-header-display":"","ast-banner-title-visibility":"","ast-main-header-display":"","ast-hfb-above-header-display":"","ast-hfb-below-header-display":"","ast-hfb-mobile-header-display":"","site-post-title":"disabled","ast-breadcrumbs-content":"","ast-featured-img":"disabled","footer-sml-layout":"","theme-transparent-header-meta":"","adv-header-id-meta":"","stick-header-meta":"","header-above-stick-meta":"","header-main-stick-meta":"","header-below-stick-meta":""},"_links":{"self":[{"href":"https:\/\/enveks.com\/fr\/wp-json\/wp\/v2\/pages\/5738"}],"collection":[{"href":"https:\/\/enveks.com\/fr\/wp-json\/wp\/v2\/pages"}],"about":[{"href":"https:\/\/enveks.com\/fr\/wp-json\/wp\/v2\/types\/page"}],"author":[{"embeddable":true,"href":"https:\/\/enveks.com\/fr\/wp-json\/wp\/v2\/users\/1"}],"replies":[{"embeddable":true,"href":"https:\/\/enveks.com\/fr\/wp-json\/wp\/v2\/comments?post=5738"}],"version-history":[{"count":20,"href":"https:\/\/enveks.com\/fr\/wp-json\/wp\/v2\/pages\/5738\/revisions"}],"predecessor-version":[{"id":6391,"href":"https:\/\/enveks.com\/fr\/wp-json\/wp\/v2\/pages\/5738\/revisions\/6391"}],"wp:attachment":[{"href":"https:\/\/enveks.com\/fr\/wp-json\/wp\/v2\/media?parent=5738"}],"curies":[{"name":"wp","href":"https:\/\/api.w.org\/{rel}","templated":true}]}}