{"id":5723,"date":"2023-07-04T16:19:06","date_gmt":"2023-07-04T13:19:06","guid":{"rendered":"https:\/\/enveks.com\/fr\/?page_id=5723"},"modified":"2023-09-01T15:41:02","modified_gmt":"2023-09-01T12:41:02","slug":"ciftlik-dezenfektasyonu-ve-serinletme","status":"publish","type":"page","link":"https:\/\/enveks.com\/fr\/ciftlik-dezenfektasyonu-ve-serinletme\/","title":{"rendered":"\u00c7\u0130FTL\u0130K\u00a0DEZENFEKTASYONU VE SER\u0130NLETME"},"content":{"rendered":"\t\t<div data-elementor-type=\"wp-page\" data-elementor-id=\"5723\" class=\"elementor elementor-5723\">\n\t\t\t\t\t\t\t\t\t<section class=\"elementor-section elementor-top-section elementor-element elementor-element-a019565 elementor-section-boxed elementor-section-height-default elementor-section-height-default\" data-id=\"a019565\" data-element_type=\"section\" data-settings=\"{&quot;background_background&quot;:&quot;classic&quot;}\">\n\t\t\t\t\t\t\t<div class=\"elementor-background-overlay\"><\/div>\n\t\t\t\t\t\t\t<div class=\"elementor-container elementor-column-gap-no\">\n\t\t\t\t\t<div class=\"elementor-column elementor-col-100 elementor-top-column elementor-element elementor-element-7e6f8907\" data-id=\"7e6f8907\" data-element_type=\"column\">\n\t\t\t<div class=\"elementor-widget-wrap elementor-element-populated\">\n\t\t\t\t\t\t\t\t<div class=\"elementor-element elementor-element-73f47547 elementor-widget elementor-widget-heading\" data-id=\"73f47547\" data-element_type=\"widget\" data-widget_type=\"heading.default\">\n\t\t\t\t<div class=\"elementor-widget-container\">\n\t\t\t<style>\/*! elementor - v3.14.0 - 26-06-2023 *\/\n.elementor-heading-title{padding:0;margin:0;line-height:1}.elementor-widget-heading .elementor-heading-title[class*=elementor-size-]>a{color:inherit;font-size:inherit;line-height:inherit}.elementor-widget-heading .elementor-heading-title.elementor-size-small{font-size:15px}.elementor-widget-heading .elementor-heading-title.elementor-size-medium{font-size:19px}.elementor-widget-heading .elementor-heading-title.elementor-size-large{font-size:29px}.elementor-widget-heading .elementor-heading-title.elementor-size-xl{font-size:39px}.elementor-widget-heading .elementor-heading-title.elementor-size-xxl{font-size:59px}<\/style><h1 class=\"elementor-heading-title elementor-size-default\"><span class=\"birincitext\">D\u00c9SINFECTION ET <\/span><span class=\"ikincitext\">REFROIDISSEMENT<\/span><br><span class=\"ucuncutext\"> DES FERMES<\/span>\n\n<\/h1>\t\t<\/div>\n\t\t\t\t<\/div>\n\t\t\t\t<div class=\"elementor-element elementor-element-a16dfcc elementor-widget elementor-widget-text-editor\" data-id=\"a16dfcc\" data-element_type=\"widget\" data-widget_type=\"text-editor.default\">\n\t\t\t\t<div class=\"elementor-widget-container\">\n\t\t\t<style>\/*! elementor - v3.14.0 - 26-06-2023 *\/\n.elementor-widget-text-editor.elementor-drop-cap-view-stacked .elementor-drop-cap{background-color:#69727d;color:#fff}.elementor-widget-text-editor.elementor-drop-cap-view-framed .elementor-drop-cap{color:#69727d;border:3px solid;background-color:transparent}.elementor-widget-text-editor:not(.elementor-drop-cap-view-default) .elementor-drop-cap{margin-top:8px}.elementor-widget-text-editor:not(.elementor-drop-cap-view-default) .elementor-drop-cap-letter{width:1em;height:1em}.elementor-widget-text-editor .elementor-drop-cap{float:left;text-align:center;line-height:1;font-size:50px}.elementor-widget-text-editor .elementor-drop-cap-letter{display:inline-block}<\/style>\t\t\t\t&#8221;\nENVEX fournit des solutions universelles pour la pr\u00e9vention des maladies qui peuvent facilement se propager parmi les animaux lors des mouvements d&#8217;animaux dans les fermes. Les syst\u00e8mes ENVEX permettent d&#8217;att\u00e9nuer l&#8217;effet de la chaleur dans les zones \u00e9troites des fermes pendant les conditions chaudes de l&#8217;\u00e9t\u00e9&#8221;\n\t\t\t\t\t\t<\/div>\n\t\t\t\t<\/div>\n\t\t\t\t\t<\/div>\n\t\t<\/div>\n\t\t\t\t\t\t\t<\/div>\n\t\t<\/section>\n\t\t\t\t<section class=\"elementor-section elementor-top-section elementor-element elementor-element-4a47ba46 elementor-section-full_width elementor-section-height-full elementor-section-height-default elementor-section-items-middle\" data-id=\"4a47ba46\" data-element_type=\"section\" data-settings=\"{&quot;background_background&quot;:&quot;classic&quot;}\">\n\t\t\t\t\t\t<div class=\"elementor-container elementor-column-gap-default\">\n\t\t\t\t\t<div class=\"elementor-column elementor-col-100 elementor-top-column elementor-element elementor-element-5bda3950\" data-id=\"5bda3950\" data-element_type=\"column\">\n\t\t\t<div class=\"elementor-widget-wrap elementor-element-populated\">\n\t\t\t\t\t\t\t\t<div class=\"elementor-element elementor-element-4bcf2581 elementor-widget elementor-widget-image\" data-id=\"4bcf2581\" data-element_type=\"widget\" data-widget_type=\"image.default\">\n\t\t\t\t<div class=\"elementor-widget-container\">\n\t\t\t<style>\/*! elementor - v3.14.0 - 26-06-2023 *\/\n.elementor-widget-image{text-align:center}.elementor-widget-image a{display:inline-block}.elementor-widget-image a img[src$=\".svg\"]{width:48px}.elementor-widget-image img{vertical-align:middle;display:inline-block}<\/style>\t\t\t\t\t\t\t\t\t\t\t\t<img decoding=\"async\" width=\"300\" height=\"188\" src=\"https:\/\/enveks.com\/fr\/wp-content\/uploads\/sites\/7\/2023\/07\/cds-300x188.webp\" class=\"attachment-medium size-medium wp-image-5725\" alt=\"\" loading=\"lazy\" srcset=\"https:\/\/enveks.com\/fr\/wp-content\/uploads\/sites\/7\/2023\/07\/cds-300x188.webp 300w, https:\/\/enveks.com\/fr\/wp-content\/uploads\/sites\/7\/2023\/07\/cds.webp 498w\" sizes=\"(max-width: 300px) 100vw, 300px\" \/>\t\t\t\t\t\t\t\t\t\t\t\t\t\t\t<\/div>\n\t\t\t\t<\/div>\n\t\t\t\t<div class=\"elementor-element elementor-element-18466c0 elementor-align-right elementor-widget__width-initial elementor-widget elementor-widget-button\" data-id=\"18466c0\" data-element_type=\"widget\" data-widget_type=\"button.default\">\n\t\t\t\t<div class=\"elementor-widget-container\">\n\t\t\t\t\t<div class=\"elementor-button-wrapper\">\n\t\t\t<a class=\"elementor-button elementor-button-link elementor-size-sm\" href=\"\/fr\/iletisim\">\n\t\t\t\t\t\t<span class=\"elementor-button-content-wrapper\">\n\t\t\t\t\t\t<span class=\"elementor-button-text\">Plus<\/span>\n\t\t<\/span>\n\t\t\t\t\t<\/a>\n\t\t<\/div>\n\t\t\t\t<\/div>\n\t\t\t\t<\/div>\n\t\t\t\t\t<\/div>\n\t\t<\/div>\n\t\t\t\t\t\t\t<\/div>\n\t\t<\/section>\n\t\t\t\t<section class=\"elementor-section elementor-top-section elementor-element elementor-element-489ccb60 elementor-section-full_width elementor-section-height-default elementor-section-height-default\" data-id=\"489ccb60\" data-element_type=\"section\">\n\t\t\t\t\t\t<div class=\"elementor-container elementor-column-gap-no\">\n\t\t\t\t\t<div class=\"elementor-column elementor-col-100 elementor-top-column elementor-element elementor-element-2e65af2a\" data-id=\"2e65af2a\" data-element_type=\"column\">\n\t\t\t<div class=\"elementor-widget-wrap elementor-element-populated\">\n\t\t\t\t\t\t\t\t<div class=\"elementor-element elementor-element-19c6f48d elementor-widget elementor-widget-image\" data-id=\"19c6f48d\" data-element_type=\"widget\" data-widget_type=\"image.default\">\n\t\t\t\t<div class=\"elementor-widget-container\">\n\t\t\t\t\t\t\t\t\t\t\t\t\t\t\t<img decoding=\"async\" width=\"2560\" height=\"566\" src=\"https:\/\/enveks.com\/fr\/wp-content\/uploads\/sites\/7\/2023\/07\/Fan-Puskurtmeli-Serinletme-ve-Dezenfeksiyon-Spreyleme-Sistemleri.webp\" class=\"attachment-full size-full wp-image-5727\" alt=\"\" loading=\"lazy\" srcset=\"https:\/\/enveks.com\/fr\/wp-content\/uploads\/sites\/7\/2023\/07\/Fan-Puskurtmeli-Serinletme-ve-Dezenfeksiyon-Spreyleme-Sistemleri.webp 2560w, https:\/\/enveks.com\/fr\/wp-content\/uploads\/sites\/7\/2023\/07\/Fan-Puskurtmeli-Serinletme-ve-Dezenfeksiyon-Spreyleme-Sistemleri-300x66.webp 300w, https:\/\/enveks.com\/fr\/wp-content\/uploads\/sites\/7\/2023\/07\/Fan-Puskurtmeli-Serinletme-ve-Dezenfeksiyon-Spreyleme-Sistemleri-1024x226.webp 1024w, https:\/\/enveks.com\/fr\/wp-content\/uploads\/sites\/7\/2023\/07\/Fan-Puskurtmeli-Serinletme-ve-Dezenfeksiyon-Spreyleme-Sistemleri-768x170.webp 768w, https:\/\/enveks.com\/fr\/wp-content\/uploads\/sites\/7\/2023\/07\/Fan-Puskurtmeli-Serinletme-ve-Dezenfeksiyon-Spreyleme-Sistemleri-1536x340.webp 1536w, https:\/\/enveks.com\/fr\/wp-content\/uploads\/sites\/7\/2023\/07\/Fan-Puskurtmeli-Serinletme-ve-Dezenfeksiyon-Spreyleme-Sistemleri-2048x453.webp 2048w\" sizes=\"(max-width: 2560px) 100vw, 2560px\" \/>\t\t\t\t\t\t\t\t\t\t\t\t\t\t\t<\/div>\n\t\t\t\t<\/div>\n\t\t\t\t\t<\/div>\n\t\t<\/div>\n\t\t\t\t\t\t\t<\/div>\n\t\t<\/section>\n\t\t\t\t\t\t\t<\/div>\n\t\t","protected":false},"excerpt":{"rendered":"<p>D\u00c9SINFECTION ET REFROIDISSEMENT DES FERMES &#8220; ENVEX fournit des solutions universelles pour la pr\u00e9vention des maladies qui peuvent facilement se propager parmi les animaux lors des mouvements d&#8217;animaux dans les fermes. Les syst\u00e8mes ENVEX permettent d&#8217;att\u00e9nuer l&#8217;effet de la chaleur dans les zones \u00e9troites des fermes pendant les conditions chaudes de l&#8217;\u00e9t\u00e9&#8221; Plus<\/p>\n","protected":false},"author":1,"featured_media":0,"parent":0,"menu_order":0,"comment_status":"closed","ping_status":"closed","template":"","meta":{"site-sidebar-layout":"no-sidebar","site-content-layout":"page-builder","ast-global-header-display":"","ast-banner-title-visibility":"","ast-main-header-display":"","ast-hfb-above-header-display":"","ast-hfb-below-header-display":"","ast-hfb-mobile-header-display":"","site-post-title":"disabled","ast-breadcrumbs-content":"","ast-featured-img":"disabled","footer-sml-layout":"","theme-transparent-header-meta":"","adv-header-id-meta":"","stick-header-meta":"","header-above-stick-meta":"","header-main-stick-meta":"","header-below-stick-meta":""},"_links":{"self":[{"href":"https:\/\/enveks.com\/fr\/wp-json\/wp\/v2\/pages\/5723"}],"collection":[{"href":"https:\/\/enveks.com\/fr\/wp-json\/wp\/v2\/pages"}],"about":[{"href":"https:\/\/enveks.com\/fr\/wp-json\/wp\/v2\/types\/page"}],"author":[{"embeddable":true,"href":"https:\/\/enveks.com\/fr\/wp-json\/wp\/v2\/users\/1"}],"replies":[{"embeddable":true,"href":"https:\/\/enveks.com\/fr\/wp-json\/wp\/v2\/comments?post=5723"}],"version-history":[{"count":13,"href":"https:\/\/enveks.com\/fr\/wp-json\/wp\/v2\/pages\/5723\/revisions"}],"predecessor-version":[{"id":6385,"href":"https:\/\/enveks.com\/fr\/wp-json\/wp\/v2\/pages\/5723\/revisions\/6385"}],"wp:attachment":[{"href":"https:\/\/enveks.com\/fr\/wp-json\/wp\/v2\/media?parent=5723"}],"curies":[{"name":"wp","href":"https:\/\/api.w.org\/{rel}","templated":true}]}}