{"id":5702,"date":"2023-07-04T15:45:51","date_gmt":"2023-07-04T12:45:51","guid":{"rendered":"https:\/\/enveks.com\/fr\/?page_id=5702"},"modified":"2023-09-01T15:37:49","modified_gmt":"2023-09-01T12:37:49","slug":"kamyon-tekerlegi-ve-kasasi-yikama-sistemleri","status":"publish","type":"page","link":"https:\/\/enveks.com\/fr\/kamyon-tekerlegi-ve-kasasi-yikama-sistemleri\/","title":{"rendered":"Kamyon Tekerle\u011fi ve Kasas\u0131 Y\u0131kama Sistemleri"},"content":{"rendered":"\t\t<div data-elementor-type=\"wp-page\" data-elementor-id=\"5702\" class=\"elementor elementor-5702\">\n\t\t\t\t\t\t\t\t\t<section class=\"elementor-section elementor-top-section elementor-element elementor-element-1408f47a elementor-section-boxed elementor-section-height-default elementor-section-height-default\" data-id=\"1408f47a\" data-element_type=\"section\" data-settings=\"{&quot;background_background&quot;:&quot;classic&quot;}\">\n\t\t\t\t\t\t\t<div class=\"elementor-background-overlay\"><\/div>\n\t\t\t\t\t\t\t<div class=\"elementor-container elementor-column-gap-no\">\n\t\t\t\t\t<div class=\"elementor-column elementor-col-100 elementor-top-column elementor-element elementor-element-5c51f72c\" data-id=\"5c51f72c\" data-element_type=\"column\">\n\t\t\t<div class=\"elementor-widget-wrap elementor-element-populated\">\n\t\t\t\t\t\t\t\t<div class=\"elementor-element elementor-element-1d05e114 elementor-widget elementor-widget-heading\" data-id=\"1d05e114\" data-element_type=\"widget\" data-widget_type=\"heading.default\">\n\t\t\t\t<div class=\"elementor-widget-container\">\n\t\t\t<style>\/*! elementor - v3.14.0 - 26-06-2023 *\/\n.elementor-heading-title{padding:0;margin:0;line-height:1}.elementor-widget-heading .elementor-heading-title[class*=elementor-size-]>a{color:inherit;font-size:inherit;line-height:inherit}.elementor-widget-heading .elementor-heading-title.elementor-size-small{font-size:15px}.elementor-widget-heading .elementor-heading-title.elementor-size-medium{font-size:19px}.elementor-widget-heading .elementor-heading-title.elementor-size-large{font-size:29px}.elementor-widget-heading .elementor-heading-title.elementor-size-xl{font-size:39px}.elementor-widget-heading .elementor-heading-title.elementor-size-xxl{font-size:59px}<\/style><h1 class=\"elementor-heading-title elementor-size-default\"><span class=\"birincitext\">\nBAIES DE LAVAGE<\/span><span class=\"ikincitext\"OUR ROUES ET  <\/span><br><span class=\"ucuncutext\">PCH\u00c2SSIS DE CAMIONS<\/span>\n\n  <\/h1>\t\t<\/div>\n\t\t\t\t<\/div>\n\t\t\t\t<div class=\"elementor-element elementor-element-117dc0a0 elementor-widget elementor-widget-text-editor\" data-id=\"117dc0a0\" data-element_type=\"widget\" data-widget_type=\"text-editor.default\">\n\t\t\t\t<div class=\"elementor-widget-container\">\n\t\t\t<style>\/*! elementor - v3.14.0 - 26-06-2023 *\/\n.elementor-widget-text-editor.elementor-drop-cap-view-stacked .elementor-drop-cap{background-color:#69727d;color:#fff}.elementor-widget-text-editor.elementor-drop-cap-view-framed .elementor-drop-cap{color:#69727d;border:3px solid;background-color:transparent}.elementor-widget-text-editor:not(.elementor-drop-cap-view-default) .elementor-drop-cap{margin-top:8px}.elementor-widget-text-editor:not(.elementor-drop-cap-view-default) .elementor-drop-cap-letter{width:1em;height:1em}.elementor-widget-text-editor .elementor-drop-cap{float:left;text-align:center;line-height:1;font-size:50px}.elementor-widget-text-editor .elementor-drop-cap-letter{display:inline-block}<\/style>\t\t\t\t&#8221;\nIl existe de nombreuses r\u00e9glementations visant \u00e0 pr\u00e9venir la pollution des routes publiques due aux mouvements des camions op\u00e9rant sur les chantiers de construction, les champs miniers, etc. qui transportent des polluants sur les roues et les ch\u00e2ssis.\n\nENVEX propose des syst\u00e8mes permanents et portables de lavage des roues et des ch\u00e2ssis, ainsi que des baies de lavage, afin de pr\u00e9venir ces pollutions.&#8221;\n\t\t\t\t\t\t<\/div>\n\t\t\t\t<\/div>\n\t\t\t\t\t<\/div>\n\t\t<\/div>\n\t\t\t\t\t\t\t<\/div>\n\t\t<\/section>\n\t\t\t\t<section class=\"elementor-section elementor-top-section elementor-element elementor-element-69278d80 elementor-section-full_width elementor-section-height-full elementor-section-height-default elementor-section-items-middle\" data-id=\"69278d80\" data-element_type=\"section\" data-settings=\"{&quot;background_background&quot;:&quot;classic&quot;}\">\n\t\t\t\t\t\t<div class=\"elementor-container elementor-column-gap-default\">\n\t\t\t\t\t<div class=\"elementor-column elementor-col-100 elementor-top-column elementor-element elementor-element-3d3a073\" data-id=\"3d3a073\" data-element_type=\"column\">\n\t\t\t<div class=\"elementor-widget-wrap elementor-element-populated\">\n\t\t\t\t\t\t\t\t<div class=\"elementor-element elementor-element-39b54e09 elementor-widget elementor-widget-image\" data-id=\"39b54e09\" data-element_type=\"widget\" data-widget_type=\"image.default\">\n\t\t\t\t<div class=\"elementor-widget-container\">\n\t\t\t<style>\/*! elementor - v3.14.0 - 26-06-2023 *\/\n.elementor-widget-image{text-align:center}.elementor-widget-image a{display:inline-block}.elementor-widget-image a img[src$=\".svg\"]{width:48px}.elementor-widget-image img{vertical-align:middle;display:inline-block}<\/style>\t\t\t\t\t\t\t\t\t\t\t\t<img decoding=\"async\" width=\"300\" height=\"188\" src=\"https:\/\/enveks.com\/fr\/wp-content\/uploads\/sites\/7\/2023\/07\/ktkya-1-300x188.webp\" class=\"attachment-medium size-medium wp-image-5704\" alt=\"\" loading=\"lazy\" srcset=\"https:\/\/enveks.com\/fr\/wp-content\/uploads\/sites\/7\/2023\/07\/ktkya-1-300x188.webp 300w, https:\/\/enveks.com\/fr\/wp-content\/uploads\/sites\/7\/2023\/07\/ktkya-1.webp 498w\" sizes=\"(max-width: 300px) 100vw, 300px\" \/>\t\t\t\t\t\t\t\t\t\t\t\t\t\t\t<\/div>\n\t\t\t\t<\/div>\n\t\t\t\t<div class=\"elementor-element elementor-element-7bf7eb6 elementor-align-right elementor-widget__width-initial elementor-widget elementor-widget-button\" data-id=\"7bf7eb6\" data-element_type=\"widget\" data-widget_type=\"button.default\">\n\t\t\t\t<div class=\"elementor-widget-container\">\n\t\t\t\t\t<div class=\"elementor-button-wrapper\">\n\t\t\t<a class=\"elementor-button elementor-button-link elementor-size-sm\" href=\"\/fr\/iletisim\">\n\t\t\t\t\t\t<span class=\"elementor-button-content-wrapper\">\n\t\t\t\t\t\t<span class=\"elementor-button-text\">PLUS<\/span>\n\t\t<\/span>\n\t\t\t\t\t<\/a>\n\t\t<\/div>\n\t\t\t\t<\/div>\n\t\t\t\t<\/div>\n\t\t\t\t<div class=\"elementor-element elementor-element-26348ff elementor-align-left elementor-widget__width-initial elementor-widget elementor-widget-button\" data-id=\"26348ff\" data-element_type=\"widget\" data-widget_type=\"button.default\">\n\t\t\t\t<div class=\"elementor-widget-container\">\n\t\t\t\t\t<div class=\"elementor-button-wrapper\">\n\t\t\t<a class=\"elementor-button elementor-button-link elementor-size-sm\" href=\"https:\/\/www.youtube.com\/watch?v=Y8uUnfq1Re0&#038;list=PLDWwACL1m7ThK6B9vEdUagbu3JbXz5O29&#038;index=1\" target=\"_blank\" rel=\"nofollow\">\n\t\t\t\t\t\t<span class=\"elementor-button-content-wrapper\">\n\t\t\t\t\t\t<span class=\"elementor-button-icon elementor-align-icon-left\">\n\t\t\t\t<i aria-hidden=\"true\" class=\"fas fa-play\"><\/i>\t\t\t<\/span>\n\t\t\t\t\t\t<span class=\"elementor-button-text\">MONTRE<\/span>\n\t\t<\/span>\n\t\t\t\t\t<\/a>\n\t\t<\/div>\n\t\t\t\t<\/div>\n\t\t\t\t<\/div>\n\t\t\t\t\t<\/div>\n\t\t<\/div>\n\t\t\t\t\t\t\t<\/div>\n\t\t<\/section>\n\t\t\t\t<section class=\"elementor-section elementor-top-section elementor-element elementor-element-879b42e elementor-section-full_width elementor-section-height-default elementor-section-height-default\" data-id=\"879b42e\" data-element_type=\"section\">\n\t\t\t\t\t\t<div class=\"elementor-container elementor-column-gap-no\">\n\t\t\t\t\t<div class=\"elementor-column elementor-col-50 elementor-top-column elementor-element elementor-element-6a20f18\" data-id=\"6a20f18\" data-element_type=\"column\">\n\t\t\t<div class=\"elementor-widget-wrap elementor-element-populated\">\n\t\t\t\t\t\t\t\t<div class=\"elementor-element elementor-element-d229e2a elementor-widget elementor-widget-image\" data-id=\"d229e2a\" data-element_type=\"widget\" data-widget_type=\"image.default\">\n\t\t\t\t<div class=\"elementor-widget-container\">\n\t\t\t\t\t\t\t\t\t\t\t\t\t\t\t<img decoding=\"async\" width=\"1440\" height=\"877\" src=\"https:\/\/enveks.com\/fr\/wp-content\/uploads\/sites\/7\/2023\/07\/Agir-Tonajli-Kamyon-Tekerlegi-ve-Sasesi-Yikama-Adasi-Sistemleri.webp\" class=\"attachment-full size-full wp-image-5706\" alt=\"\" loading=\"lazy\" srcset=\"https:\/\/enveks.com\/fr\/wp-content\/uploads\/sites\/7\/2023\/07\/Agir-Tonajli-Kamyon-Tekerlegi-ve-Sasesi-Yikama-Adasi-Sistemleri.webp 1440w, https:\/\/enveks.com\/fr\/wp-content\/uploads\/sites\/7\/2023\/07\/Agir-Tonajli-Kamyon-Tekerlegi-ve-Sasesi-Yikama-Adasi-Sistemleri-300x183.webp 300w, https:\/\/enveks.com\/fr\/wp-content\/uploads\/sites\/7\/2023\/07\/Agir-Tonajli-Kamyon-Tekerlegi-ve-Sasesi-Yikama-Adasi-Sistemleri-1024x624.webp 1024w, https:\/\/enveks.com\/fr\/wp-content\/uploads\/sites\/7\/2023\/07\/Agir-Tonajli-Kamyon-Tekerlegi-ve-Sasesi-Yikama-Adasi-Sistemleri-768x468.webp 768w\" sizes=\"(max-width: 1440px) 100vw, 1440px\" \/>\t\t\t\t\t\t\t\t\t\t\t\t\t\t\t<\/div>\n\t\t\t\t<\/div>\n\t\t\t\t\t<\/div>\n\t\t<\/div>\n\t\t\t\t<div class=\"elementor-column elementor-col-50 elementor-top-column elementor-element elementor-element-a92c645\" data-id=\"a92c645\" data-element_type=\"column\">\n\t\t\t<div class=\"elementor-widget-wrap elementor-element-populated\">\n\t\t\t\t\t\t\t\t<div class=\"elementor-element elementor-element-40b8744e elementor-widget elementor-widget-image\" data-id=\"40b8744e\" data-element_type=\"widget\" data-widget_type=\"image.default\">\n\t\t\t\t<div class=\"elementor-widget-container\">\n\t\t\t\t\t\t\t\t\t\t\t\t\t\t\t<img decoding=\"async\" width=\"1440\" height=\"877\" src=\"https:\/\/enveks.com\/fr\/wp-content\/uploads\/sites\/7\/2023\/07\/Agir-Tonajli-Kamyon-Sasesi-Yikama-Adasi-Sistemleri.webp\" class=\"attachment-full size-full wp-image-5707\" alt=\"\" loading=\"lazy\" srcset=\"https:\/\/enveks.com\/fr\/wp-content\/uploads\/sites\/7\/2023\/07\/Agir-Tonajli-Kamyon-Sasesi-Yikama-Adasi-Sistemleri.webp 1440w, https:\/\/enveks.com\/fr\/wp-content\/uploads\/sites\/7\/2023\/07\/Agir-Tonajli-Kamyon-Sasesi-Yikama-Adasi-Sistemleri-300x183.webp 300w, https:\/\/enveks.com\/fr\/wp-content\/uploads\/sites\/7\/2023\/07\/Agir-Tonajli-Kamyon-Sasesi-Yikama-Adasi-Sistemleri-1024x624.webp 1024w, https:\/\/enveks.com\/fr\/wp-content\/uploads\/sites\/7\/2023\/07\/Agir-Tonajli-Kamyon-Sasesi-Yikama-Adasi-Sistemleri-768x468.webp 768w\" sizes=\"(max-width: 1440px) 100vw, 1440px\" \/>\t\t\t\t\t\t\t\t\t\t\t\t\t\t\t<\/div>\n\t\t\t\t<\/div>\n\t\t\t\t\t<\/div>\n\t\t<\/div>\n\t\t\t\t\t\t\t<\/div>\n\t\t<\/section>\n\t\t\t\t<section class=\"elementor-section elementor-top-section elementor-element elementor-element-43440d2d elementor-section-full_width elementor-section-height-default elementor-section-height-default\" data-id=\"43440d2d\" data-element_type=\"section\">\n\t\t\t\t\t\t<div class=\"elementor-container elementor-column-gap-no\">\n\t\t\t\t\t<div class=\"elementor-column elementor-col-50 elementor-top-column elementor-element elementor-element-5aee7a1f\" data-id=\"5aee7a1f\" data-element_type=\"column\">\n\t\t\t<div class=\"elementor-widget-wrap elementor-element-populated\">\n\t\t\t\t\t\t\t\t<div class=\"elementor-element elementor-element-121ad7a2 elementor-widget elementor-widget-image\" data-id=\"121ad7a2\" data-element_type=\"widget\" data-widget_type=\"image.default\">\n\t\t\t\t<div class=\"elementor-widget-container\">\n\t\t\t\t\t\t\t\t\t\t\t\t\t\t\t<img decoding=\"async\" width=\"1440\" height=\"877\" src=\"https:\/\/enveks.com\/fr\/wp-content\/uploads\/sites\/7\/2023\/07\/Agir-Tonajli-Kamyon-Sasesi-Yikama-Adasi-Sistemleri1.webp\" class=\"attachment-full size-full wp-image-5708\" alt=\"\" loading=\"lazy\" srcset=\"https:\/\/enveks.com\/fr\/wp-content\/uploads\/sites\/7\/2023\/07\/Agir-Tonajli-Kamyon-Sasesi-Yikama-Adasi-Sistemleri1.webp 1440w, https:\/\/enveks.com\/fr\/wp-content\/uploads\/sites\/7\/2023\/07\/Agir-Tonajli-Kamyon-Sasesi-Yikama-Adasi-Sistemleri1-300x183.webp 300w, https:\/\/enveks.com\/fr\/wp-content\/uploads\/sites\/7\/2023\/07\/Agir-Tonajli-Kamyon-Sasesi-Yikama-Adasi-Sistemleri1-1024x624.webp 1024w, https:\/\/enveks.com\/fr\/wp-content\/uploads\/sites\/7\/2023\/07\/Agir-Tonajli-Kamyon-Sasesi-Yikama-Adasi-Sistemleri1-768x468.webp 768w\" sizes=\"(max-width: 1440px) 100vw, 1440px\" \/>\t\t\t\t\t\t\t\t\t\t\t\t\t\t\t<\/div>\n\t\t\t\t<\/div>\n\t\t\t\t\t<\/div>\n\t\t<\/div>\n\t\t\t\t<div class=\"elementor-column elementor-col-50 elementor-top-column elementor-element elementor-element-bec797c\" data-id=\"bec797c\" data-element_type=\"column\">\n\t\t\t<div class=\"elementor-widget-wrap elementor-element-populated\">\n\t\t\t\t\t\t\t\t<div class=\"elementor-element elementor-element-18e69a99 elementor-widget elementor-widget-image\" data-id=\"18e69a99\" data-element_type=\"widget\" data-widget_type=\"image.default\">\n\t\t\t\t<div class=\"elementor-widget-container\">\n\t\t\t\t\t\t\t\t\t\t\t\t\t\t\t<img decoding=\"async\" width=\"1440\" height=\"877\" src=\"https:\/\/enveks.com\/fr\/wp-content\/uploads\/sites\/7\/2023\/07\/Agir-Tonajli-Kamyon-Sasesi-Yikama-Adasi-Sistemleri2.webp\" class=\"attachment-full size-full wp-image-5709\" alt=\"\" loading=\"lazy\" srcset=\"https:\/\/enveks.com\/fr\/wp-content\/uploads\/sites\/7\/2023\/07\/Agir-Tonajli-Kamyon-Sasesi-Yikama-Adasi-Sistemleri2.webp 1440w, https:\/\/enveks.com\/fr\/wp-content\/uploads\/sites\/7\/2023\/07\/Agir-Tonajli-Kamyon-Sasesi-Yikama-Adasi-Sistemleri2-300x183.webp 300w, https:\/\/enveks.com\/fr\/wp-content\/uploads\/sites\/7\/2023\/07\/Agir-Tonajli-Kamyon-Sasesi-Yikama-Adasi-Sistemleri2-1024x624.webp 1024w, https:\/\/enveks.com\/fr\/wp-content\/uploads\/sites\/7\/2023\/07\/Agir-Tonajli-Kamyon-Sasesi-Yikama-Adasi-Sistemleri2-768x468.webp 768w\" sizes=\"(max-width: 1440px) 100vw, 1440px\" \/>\t\t\t\t\t\t\t\t\t\t\t\t\t\t\t<\/div>\n\t\t\t\t<\/div>\n\t\t\t\t\t<\/div>\n\t\t<\/div>\n\t\t\t\t\t\t\t<\/div>\n\t\t<\/section>\n\t\t\t\t<section class=\"elementor-section elementor-top-section elementor-element elementor-element-1b2db529 elementor-section-full_width elementor-section-height-default elementor-section-height-default\" data-id=\"1b2db529\" data-element_type=\"section\">\n\t\t\t\t\t\t<div class=\"elementor-container elementor-column-gap-no\">\n\t\t\t\t\t<div class=\"elementor-column elementor-col-50 elementor-top-column elementor-element elementor-element-d7eaab3\" data-id=\"d7eaab3\" data-element_type=\"column\">\n\t\t\t<div class=\"elementor-widget-wrap elementor-element-populated\">\n\t\t\t\t\t\t\t\t<div class=\"elementor-element elementor-element-27acafa3 elementor-widget elementor-widget-image\" data-id=\"27acafa3\" data-element_type=\"widget\" data-widget_type=\"image.default\">\n\t\t\t\t<div class=\"elementor-widget-container\">\n\t\t\t\t\t\t\t\t\t\t\t\t\t\t\t<img decoding=\"async\" width=\"1440\" height=\"877\" src=\"https:\/\/enveks.com\/fr\/wp-content\/uploads\/sites\/7\/2023\/07\/Otomatik-Gecisli-Kamyon-Tekerlegi-ve-Sasesi-Yikama-Sistemleri.webp\" class=\"attachment-full size-full wp-image-5710\" alt=\"\" loading=\"lazy\" srcset=\"https:\/\/enveks.com\/fr\/wp-content\/uploads\/sites\/7\/2023\/07\/Otomatik-Gecisli-Kamyon-Tekerlegi-ve-Sasesi-Yikama-Sistemleri.webp 1440w, https:\/\/enveks.com\/fr\/wp-content\/uploads\/sites\/7\/2023\/07\/Otomatik-Gecisli-Kamyon-Tekerlegi-ve-Sasesi-Yikama-Sistemleri-300x183.webp 300w, https:\/\/enveks.com\/fr\/wp-content\/uploads\/sites\/7\/2023\/07\/Otomatik-Gecisli-Kamyon-Tekerlegi-ve-Sasesi-Yikama-Sistemleri-1024x624.webp 1024w, https:\/\/enveks.com\/fr\/wp-content\/uploads\/sites\/7\/2023\/07\/Otomatik-Gecisli-Kamyon-Tekerlegi-ve-Sasesi-Yikama-Sistemleri-768x468.webp 768w\" sizes=\"(max-width: 1440px) 100vw, 1440px\" \/>\t\t\t\t\t\t\t\t\t\t\t\t\t\t\t<\/div>\n\t\t\t\t<\/div>\n\t\t\t\t\t<\/div>\n\t\t<\/div>\n\t\t\t\t<div class=\"elementor-column elementor-col-50 elementor-top-column elementor-element elementor-element-1dcc815f\" data-id=\"1dcc815f\" data-element_type=\"column\">\n\t\t\t<div class=\"elementor-widget-wrap elementor-element-populated\">\n\t\t\t\t\t\t\t\t<div class=\"elementor-element elementor-element-7eccd958 elementor-widget elementor-widget-image\" data-id=\"7eccd958\" data-element_type=\"widget\" data-widget_type=\"image.default\">\n\t\t\t\t<div class=\"elementor-widget-container\">\n\t\t\t\t\t\t\t\t\t\t\t\t\t\t\t<img decoding=\"async\" width=\"1440\" height=\"877\" src=\"https:\/\/enveks.com\/fr\/wp-content\/uploads\/sites\/7\/2023\/07\/Otomatik-Kamyon-Tekerlegi-Yikama-Sistemleri.webp\" class=\"attachment-full size-full wp-image-5711\" alt=\"\" loading=\"lazy\" srcset=\"https:\/\/enveks.com\/fr\/wp-content\/uploads\/sites\/7\/2023\/07\/Otomatik-Kamyon-Tekerlegi-Yikama-Sistemleri.webp 1440w, https:\/\/enveks.com\/fr\/wp-content\/uploads\/sites\/7\/2023\/07\/Otomatik-Kamyon-Tekerlegi-Yikama-Sistemleri-300x183.webp 300w, https:\/\/enveks.com\/fr\/wp-content\/uploads\/sites\/7\/2023\/07\/Otomatik-Kamyon-Tekerlegi-Yikama-Sistemleri-1024x624.webp 1024w, https:\/\/enveks.com\/fr\/wp-content\/uploads\/sites\/7\/2023\/07\/Otomatik-Kamyon-Tekerlegi-Yikama-Sistemleri-768x468.webp 768w\" sizes=\"(max-width: 1440px) 100vw, 1440px\" \/>\t\t\t\t\t\t\t\t\t\t\t\t\t\t\t<\/div>\n\t\t\t\t<\/div>\n\t\t\t\t\t<\/div>\n\t\t<\/div>\n\t\t\t\t\t\t\t<\/div>\n\t\t<\/section>\n\t\t\t\t<section class=\"elementor-section elementor-top-section elementor-element elementor-element-7638c6c2 elementor-section-full_width elementor-section-height-default elementor-section-height-default\" data-id=\"7638c6c2\" data-element_type=\"section\">\n\t\t\t\t\t\t<div class=\"elementor-container elementor-column-gap-no\">\n\t\t\t\t\t<div class=\"elementor-column elementor-col-50 elementor-top-column elementor-element elementor-element-f563403\" data-id=\"f563403\" data-element_type=\"column\">\n\t\t\t<div class=\"elementor-widget-wrap elementor-element-populated\">\n\t\t\t\t\t\t\t\t<div class=\"elementor-element elementor-element-17479573 elementor-widget elementor-widget-image\" data-id=\"17479573\" data-element_type=\"widget\" data-widget_type=\"image.default\">\n\t\t\t\t<div class=\"elementor-widget-container\">\n\t\t\t\t\t\t\t\t\t\t\t\t\t\t\t<img decoding=\"async\" width=\"1440\" height=\"877\" src=\"https:\/\/enveks.com\/fr\/wp-content\/uploads\/sites\/7\/2023\/07\/Otomatik-Rulo-Tipi-Kamyon-Tekerlegi-Yikama-Sistemleri.webp\" class=\"attachment-full size-full wp-image-5712\" alt=\"\" loading=\"lazy\" srcset=\"https:\/\/enveks.com\/fr\/wp-content\/uploads\/sites\/7\/2023\/07\/Otomatik-Rulo-Tipi-Kamyon-Tekerlegi-Yikama-Sistemleri.webp 1440w, https:\/\/enveks.com\/fr\/wp-content\/uploads\/sites\/7\/2023\/07\/Otomatik-Rulo-Tipi-Kamyon-Tekerlegi-Yikama-Sistemleri-300x183.webp 300w, https:\/\/enveks.com\/fr\/wp-content\/uploads\/sites\/7\/2023\/07\/Otomatik-Rulo-Tipi-Kamyon-Tekerlegi-Yikama-Sistemleri-1024x624.webp 1024w, https:\/\/enveks.com\/fr\/wp-content\/uploads\/sites\/7\/2023\/07\/Otomatik-Rulo-Tipi-Kamyon-Tekerlegi-Yikama-Sistemleri-768x468.webp 768w\" sizes=\"(max-width: 1440px) 100vw, 1440px\" \/>\t\t\t\t\t\t\t\t\t\t\t\t\t\t\t<\/div>\n\t\t\t\t<\/div>\n\t\t\t\t\t<\/div>\n\t\t<\/div>\n\t\t\t\t<div class=\"elementor-column elementor-col-50 elementor-top-column elementor-element elementor-element-676aedd3\" data-id=\"676aedd3\" data-element_type=\"column\">\n\t\t\t<div class=\"elementor-widget-wrap elementor-element-populated\">\n\t\t\t\t\t\t\t\t<div class=\"elementor-element elementor-element-6a532a3e elementor-widget elementor-widget-image\" data-id=\"6a532a3e\" data-element_type=\"widget\" data-widget_type=\"image.default\">\n\t\t\t\t<div class=\"elementor-widget-container\">\n\t\t\t\t\t\t\t\t\t\t\t\t\t\t\t<img decoding=\"async\" width=\"1440\" height=\"877\" src=\"https:\/\/enveks.com\/fr\/wp-content\/uploads\/sites\/7\/2023\/07\/Otomatik-Kamyon-Tekerlegi-Yikama-Sistemleri1.webp\" class=\"attachment-full size-full wp-image-5713\" alt=\"\" loading=\"lazy\" srcset=\"https:\/\/enveks.com\/fr\/wp-content\/uploads\/sites\/7\/2023\/07\/Otomatik-Kamyon-Tekerlegi-Yikama-Sistemleri1.webp 1440w, https:\/\/enveks.com\/fr\/wp-content\/uploads\/sites\/7\/2023\/07\/Otomatik-Kamyon-Tekerlegi-Yikama-Sistemleri1-300x183.webp 300w, https:\/\/enveks.com\/fr\/wp-content\/uploads\/sites\/7\/2023\/07\/Otomatik-Kamyon-Tekerlegi-Yikama-Sistemleri1-1024x624.webp 1024w, https:\/\/enveks.com\/fr\/wp-content\/uploads\/sites\/7\/2023\/07\/Otomatik-Kamyon-Tekerlegi-Yikama-Sistemleri1-768x468.webp 768w\" sizes=\"(max-width: 1440px) 100vw, 1440px\" \/>\t\t\t\t\t\t\t\t\t\t\t\t\t\t\t<\/div>\n\t\t\t\t<\/div>\n\t\t\t\t\t<\/div>\n\t\t<\/div>\n\t\t\t\t\t\t\t<\/div>\n\t\t<\/section>\n\t\t\t\t\t\t\t<\/div>\n\t\t","protected":false},"excerpt":{"rendered":"<p>BAIES DE LAVAGEPCH\u00c2SSIS DE CAMIONS &#8220; Il existe de nombreuses r\u00e9glementations visant \u00e0 pr\u00e9venir la pollution des routes publiques due aux mouvements des camions op\u00e9rant sur les chantiers de construction, les champs miniers, etc. qui transportent des polluants sur les roues et les ch\u00e2ssis. ENVEX propose des syst\u00e8mes permanents et portables de lavage des roues &hellip;<\/p>\n<p class=\"read-more\"> <a class=\"\" href=\"https:\/\/enveks.com\/fr\/kamyon-tekerlegi-ve-kasasi-yikama-sistemleri\/\"> <span class=\"screen-reader-text\">Kamyon Tekerle\u011fi ve Kasas\u0131 Y\u0131kama Sistemleri<\/span> Devam\u0131 &raquo;<\/a><\/p>\n","protected":false},"author":1,"featured_media":0,"parent":0,"menu_order":0,"comment_status":"closed","ping_status":"closed","template":"","meta":{"site-sidebar-layout":"no-sidebar","site-content-layout":"page-builder","ast-global-header-display":"","ast-banner-title-visibility":"","ast-main-header-display":"","ast-hfb-above-header-display":"","ast-hfb-below-header-display":"","ast-hfb-mobile-header-display":"","site-post-title":"disabled","ast-breadcrumbs-content":"","ast-featured-img":"disabled","footer-sml-layout":"","theme-transparent-header-meta":"","adv-header-id-meta":"","stick-header-meta":"","header-above-stick-meta":"","header-main-stick-meta":"","header-below-stick-meta":""},"_links":{"self":[{"href":"https:\/\/enveks.com\/fr\/wp-json\/wp\/v2\/pages\/5702"}],"collection":[{"href":"https:\/\/enveks.com\/fr\/wp-json\/wp\/v2\/pages"}],"about":[{"href":"https:\/\/enveks.com\/fr\/wp-json\/wp\/v2\/types\/page"}],"author":[{"embeddable":true,"href":"https:\/\/enveks.com\/fr\/wp-json\/wp\/v2\/users\/1"}],"replies":[{"embeddable":true,"href":"https:\/\/enveks.com\/fr\/wp-json\/wp\/v2\/comments?post=5702"}],"version-history":[{"count":22,"href":"https:\/\/enveks.com\/fr\/wp-json\/wp\/v2\/pages\/5702\/revisions"}],"predecessor-version":[{"id":6382,"href":"https:\/\/enveks.com\/fr\/wp-json\/wp\/v2\/pages\/5702\/revisions\/6382"}],"wp:attachment":[{"href":"https:\/\/enveks.com\/fr\/wp-json\/wp\/v2\/media?parent=5702"}],"curies":[{"name":"wp","href":"https:\/\/api.w.org\/{rel}","templated":true}]}}