{"id":5690,"date":"2023-07-04T15:24:30","date_gmt":"2023-07-04T12:24:30","guid":{"rendered":"https:\/\/enveks.com\/fr\/?page_id=5690"},"modified":"2023-09-01T15:35:53","modified_gmt":"2023-09-01T12:35:53","slug":"buz-onleme-kimyasallari-puskurtme","status":"publish","type":"page","link":"https:\/\/enveks.com\/fr\/buz-onleme-kimyasallari-puskurtme\/","title":{"rendered":"BUZ\u00a0\u00d6NLEME K\u0130MYASALLARI P\u00dcSK\u00dcRTME"},"content":{"rendered":"\t\t<div data-elementor-type=\"wp-page\" data-elementor-id=\"5690\" class=\"elementor elementor-5690\">\n\t\t\t\t\t\t\t\t\t<section class=\"elementor-section elementor-top-section elementor-element elementor-element-5202f077 elementor-section-boxed elementor-section-height-default elementor-section-height-default\" data-id=\"5202f077\" data-element_type=\"section\" data-settings=\"{&quot;background_background&quot;:&quot;classic&quot;}\">\n\t\t\t\t\t\t\t<div class=\"elementor-background-overlay\"><\/div>\n\t\t\t\t\t\t\t<div class=\"elementor-container elementor-column-gap-no\">\n\t\t\t\t\t<div class=\"elementor-column elementor-col-100 elementor-top-column elementor-element elementor-element-115c3cd2\" data-id=\"115c3cd2\" data-element_type=\"column\">\n\t\t\t<div class=\"elementor-widget-wrap elementor-element-populated\">\n\t\t\t\t\t\t\t\t<div class=\"elementor-element elementor-element-2beeb71f elementor-widget elementor-widget-heading\" data-id=\"2beeb71f\" data-element_type=\"widget\" data-widget_type=\"heading.default\">\n\t\t\t\t<div class=\"elementor-widget-container\">\n\t\t\t<style>\/*! elementor - v3.14.0 - 26-06-2023 *\/\n.elementor-heading-title{padding:0;margin:0;line-height:1}.elementor-widget-heading .elementor-heading-title[class*=elementor-size-]>a{color:inherit;font-size:inherit;line-height:inherit}.elementor-widget-heading .elementor-heading-title.elementor-size-small{font-size:15px}.elementor-widget-heading .elementor-heading-title.elementor-size-medium{font-size:19px}.elementor-widget-heading .elementor-heading-title.elementor-size-large{font-size:29px}.elementor-widget-heading .elementor-heading-title.elementor-size-xl{font-size:39px}.elementor-widget-heading .elementor-heading-title.elementor-size-xxl{font-size:59px}<\/style><h1 class=\"elementor-heading-title elementor-size-default\"><span class=\"birincitext\">SOLUTION CHIMIQUE <\/span><span class=\"ikincitext\">DE D\u00c9GLA\u00c7AGE<\/span><br><span class=\"ucuncutext\"> EN SPRAY<\/span>\n\n<\/h1>\t\t<\/div>\n\t\t\t\t<\/div>\n\t\t\t\t<div class=\"elementor-element elementor-element-7f763192 elementor-widget elementor-widget-text-editor\" data-id=\"7f763192\" data-element_type=\"widget\" data-widget_type=\"text-editor.default\">\n\t\t\t\t<div class=\"elementor-widget-container\">\n\t\t\t<style>\/*! elementor - v3.14.0 - 26-06-2023 *\/\n.elementor-widget-text-editor.elementor-drop-cap-view-stacked .elementor-drop-cap{background-color:#69727d;color:#fff}.elementor-widget-text-editor.elementor-drop-cap-view-framed .elementor-drop-cap{color:#69727d;border:3px solid;background-color:transparent}.elementor-widget-text-editor:not(.elementor-drop-cap-view-default) .elementor-drop-cap{margin-top:8px}.elementor-widget-text-editor:not(.elementor-drop-cap-view-default) .elementor-drop-cap-letter{width:1em;height:1em}.elementor-widget-text-editor .elementor-drop-cap{float:left;text-align:center;line-height:1;font-size:50px}.elementor-widget-text-editor .elementor-drop-cap-letter{display:inline-block}<\/style>\t\t\t\t<p>&#8220;<br \/>Les sols glissants sont l&#8217;une des causes d&#8217;accidents que les conditions hivernales entra\u00eenent. Les surfaces gel\u00e9es sont dangereuses pour les personnes dans les lieux publics. Les surfaces gel\u00e9es affectent la routine quotidienne des personnes dans les zones de transport public. Les sols glissants provoquent des accidents sur les routes, en particulier pour les camions-citernes. Les sols glissants provoquent des embouteillages et des pertes de temps.<\/p><p>Les solutions Cannon de Brouillard ENVEX peuvent \u00e9galement \u00eatre utilis\u00e9es pour pulv\u00e9riser des produits chimiques de d\u00e9vergla\u00e7age sur les surfaces des parkings, les abords des \u00e9coles, les stades et les ar\u00e8nes sportives en plein air, les raffineries, les pistes d&#8217;a\u00e9roport, le d\u00e9givrage des avions, les navires, etc. et enfin les endroits o\u00f9 le sol g\u00e8le.&#8221;<\/p>\t\t\t\t\t\t<\/div>\n\t\t\t\t<\/div>\n\t\t\t\t\t<\/div>\n\t\t<\/div>\n\t\t\t\t\t\t\t<\/div>\n\t\t<\/section>\n\t\t\t\t<section class=\"elementor-section elementor-top-section elementor-element elementor-element-44a10bfb elementor-section-full_width elementor-section-height-full elementor-section-height-default elementor-section-items-middle\" data-id=\"44a10bfb\" data-element_type=\"section\" data-settings=\"{&quot;background_background&quot;:&quot;classic&quot;}\">\n\t\t\t\t\t\t<div class=\"elementor-container elementor-column-gap-default\">\n\t\t\t\t\t<div class=\"elementor-column elementor-col-100 elementor-top-column elementor-element elementor-element-58e1f517\" data-id=\"58e1f517\" data-element_type=\"column\">\n\t\t\t<div class=\"elementor-widget-wrap elementor-element-populated\">\n\t\t\t\t\t\t\t\t<div class=\"elementor-element elementor-element-530db801 elementor-widget elementor-widget-image\" data-id=\"530db801\" data-element_type=\"widget\" data-widget_type=\"image.default\">\n\t\t\t\t<div class=\"elementor-widget-container\">\n\t\t\t<style>\/*! elementor - v3.14.0 - 26-06-2023 *\/\n.elementor-widget-image{text-align:center}.elementor-widget-image a{display:inline-block}.elementor-widget-image a img[src$=\".svg\"]{width:48px}.elementor-widget-image img{vertical-align:middle;display:inline-block}<\/style>\t\t\t\t\t\t\t\t\t\t\t\t<img decoding=\"async\" width=\"300\" height=\"139\" src=\"https:\/\/enveks.com\/fr\/wp-content\/uploads\/sites\/7\/2023\/07\/bo-300x139.jpeg\" class=\"attachment-medium size-medium wp-image-5692\" alt=\"\" loading=\"lazy\" srcset=\"https:\/\/enveks.com\/fr\/wp-content\/uploads\/sites\/7\/2023\/07\/bo-300x139.jpeg 300w, https:\/\/enveks.com\/fr\/wp-content\/uploads\/sites\/7\/2023\/07\/bo.jpeg 498w\" sizes=\"(max-width: 300px) 100vw, 300px\" \/>\t\t\t\t\t\t\t\t\t\t\t\t\t\t\t<\/div>\n\t\t\t\t<\/div>\n\t\t\t\t<div class=\"elementor-element elementor-element-fdbb66a elementor-align-right elementor-widget__width-initial elementor-widget elementor-widget-button\" data-id=\"fdbb66a\" data-element_type=\"widget\" data-widget_type=\"button.default\">\n\t\t\t\t<div class=\"elementor-widget-container\">\n\t\t\t\t\t<div class=\"elementor-button-wrapper\">\n\t\t\t<a class=\"elementor-button elementor-button-link elementor-size-sm\" href=\"\/fr\/iletisim\">\n\t\t\t\t\t\t<span class=\"elementor-button-content-wrapper\">\n\t\t\t\t\t\t<span class=\"elementor-button-text\">Plus<\/span>\n\t\t<\/span>\n\t\t\t\t\t<\/a>\n\t\t<\/div>\n\t\t\t\t<\/div>\n\t\t\t\t<\/div>\n\t\t\t\t\t<\/div>\n\t\t<\/div>\n\t\t\t\t\t\t\t<\/div>\n\t\t<\/section>\n\t\t\t\t\t\t\t<\/div>\n\t\t","protected":false},"excerpt":{"rendered":"<p>SOLUTION CHIMIQUE DE D\u00c9GLA\u00c7AGE EN SPRAY &#8220;Les sols glissants sont l&#8217;une des causes d&#8217;accidents que les conditions hivernales entra\u00eenent. Les surfaces gel\u00e9es sont dangereuses pour les personnes dans les lieux publics. Les surfaces gel\u00e9es affectent la routine quotidienne des personnes dans les zones de transport public. Les sols glissants provoquent des accidents sur les routes, &hellip;<\/p>\n<p class=\"read-more\"> <a class=\"\" href=\"https:\/\/enveks.com\/fr\/buz-onleme-kimyasallari-puskurtme\/\"> <span class=\"screen-reader-text\">BUZ\u00a0\u00d6NLEME K\u0130MYASALLARI P\u00dcSK\u00dcRTME<\/span> Devam\u0131 &raquo;<\/a><\/p>\n","protected":false},"author":1,"featured_media":0,"parent":0,"menu_order":0,"comment_status":"closed","ping_status":"closed","template":"","meta":{"site-sidebar-layout":"no-sidebar","site-content-layout":"page-builder","ast-global-header-display":"","ast-banner-title-visibility":"","ast-main-header-display":"","ast-hfb-above-header-display":"","ast-hfb-below-header-display":"","ast-hfb-mobile-header-display":"","site-post-title":"disabled","ast-breadcrumbs-content":"","ast-featured-img":"disabled","footer-sml-layout":"","theme-transparent-header-meta":"","adv-header-id-meta":"","stick-header-meta":"","header-above-stick-meta":"","header-main-stick-meta":"","header-below-stick-meta":""},"_links":{"self":[{"href":"https:\/\/enveks.com\/fr\/wp-json\/wp\/v2\/pages\/5690"}],"collection":[{"href":"https:\/\/enveks.com\/fr\/wp-json\/wp\/v2\/pages"}],"about":[{"href":"https:\/\/enveks.com\/fr\/wp-json\/wp\/v2\/types\/page"}],"author":[{"embeddable":true,"href":"https:\/\/enveks.com\/fr\/wp-json\/wp\/v2\/users\/1"}],"replies":[{"embeddable":true,"href":"https:\/\/enveks.com\/fr\/wp-json\/wp\/v2\/comments?post=5690"}],"version-history":[{"count":13,"href":"https:\/\/enveks.com\/fr\/wp-json\/wp\/v2\/pages\/5690\/revisions"}],"predecessor-version":[{"id":6379,"href":"https:\/\/enveks.com\/fr\/wp-json\/wp\/v2\/pages\/5690\/revisions\/6379"}],"wp:attachment":[{"href":"https:\/\/enveks.com\/fr\/wp-json\/wp\/v2\/media?parent=5690"}],"curies":[{"name":"wp","href":"https:\/\/api.w.org\/{rel}","templated":true}]}}