{"id":38,"date":"2023-07-07T11:19:38","date_gmt":"2023-07-07T08:19:38","guid":{"rendered":"https:\/\/enveks.com\/de\/?page_id=38"},"modified":"2023-08-28T15:10:44","modified_gmt":"2023-08-28T12:10:44","slug":"hakkimizda","status":"publish","type":"page","link":"https:\/\/enveks.com\/de\/hakkimizda\/","title":{"rendered":"Hakk\u0131m\u0131zda"},"content":{"rendered":"\t\t<div data-elementor-type=\"wp-page\" data-elementor-id=\"38\" class=\"elementor elementor-38\">\n\t\t\t\t\t\t\t\t\t<section class=\"elementor-section elementor-top-section elementor-element elementor-element-61bb1fe8 elementor-section-height-full elementor-section-boxed elementor-section-height-default elementor-section-items-middle\" data-id=\"61bb1fe8\" data-element_type=\"section\" data-settings=\"{&quot;background_background&quot;:&quot;classic&quot;}\">\n\t\t\t\t\t\t\t<div class=\"elementor-background-overlay\"><\/div>\n\t\t\t\t\t\t\t<div class=\"elementor-container elementor-column-gap-no\">\n\t\t\t\t\t<div class=\"elementor-column elementor-col-100 elementor-top-column elementor-element elementor-element-87ec6f5\" data-id=\"87ec6f5\" data-element_type=\"column\">\n\t\t\t<div class=\"elementor-widget-wrap elementor-element-populated\">\n\t\t\t\t\t\t\t\t<div class=\"elementor-element elementor-element-7e98fc7d elementor-widget elementor-widget-heading\" data-id=\"7e98fc7d\" data-element_type=\"widget\" data-widget_type=\"heading.default\">\n\t\t\t\t<div class=\"elementor-widget-container\">\n\t\t\t<style>\/*! elementor - v3.14.0 - 26-06-2023 *\/\n.elementor-heading-title{padding:0;margin:0;line-height:1}.elementor-widget-heading .elementor-heading-title[class*=elementor-size-]>a{color:inherit;font-size:inherit;line-height:inherit}.elementor-widget-heading .elementor-heading-title.elementor-size-small{font-size:15px}.elementor-widget-heading .elementor-heading-title.elementor-size-medium{font-size:19px}.elementor-widget-heading .elementor-heading-title.elementor-size-large{font-size:29px}.elementor-widget-heading .elementor-heading-title.elementor-size-xl{font-size:39px}.elementor-widget-heading .elementor-heading-title.elementor-size-xxl{font-size:59px}<\/style><span class=\"elementor-heading-title elementor-size-large\">ENVEX  IST MIT MEHR ALS 10 PATENTEN \n<\/span>\t\t<\/div>\n\t\t\t\t<\/div>\n\t\t\t\t<div class=\"elementor-element elementor-element-52317090 elementor-widget elementor-widget-heading\" data-id=\"52317090\" data-element_type=\"widget\" data-widget_type=\"heading.default\">\n\t\t\t\t<div class=\"elementor-widget-container\">\n\t\t\t<span class=\"elementor-heading-title elementor-size-large\">MARKTF\u00dcHRER!<\/span>\t\t<\/div>\n\t\t\t\t<\/div>\n\t\t\t\t\t<\/div>\n\t\t<\/div>\n\t\t\t\t\t\t\t<\/div>\n\t\t<\/section>\n\t\t\t\t<section class=\"elementor-section elementor-top-section elementor-element elementor-element-556ac046 elementor-section-boxed elementor-section-height-default elementor-section-height-default\" data-id=\"556ac046\" data-element_type=\"section\" data-settings=\"{&quot;background_background&quot;:&quot;classic&quot;}\">\n\t\t\t\t\t\t<div class=\"elementor-container elementor-column-gap-default\">\n\t\t\t\t\t<div class=\"elementor-column elementor-col-50 elementor-top-column elementor-element elementor-element-1e32cc9a\" data-id=\"1e32cc9a\" data-element_type=\"column\">\n\t\t\t<div class=\"elementor-widget-wrap elementor-element-populated\">\n\t\t\t\t\t\t\t\t<div class=\"elementor-element elementor-element-541520f4 elementor-widget elementor-widget-heading\" data-id=\"541520f4\" data-element_type=\"widget\" data-widget_type=\"heading.default\">\n\t\t\t\t<div class=\"elementor-widget-container\">\n\t\t\t<h1 class=\"elementor-heading-title elementor-size-default\">Wer sind wir?<\/h1>\t\t<\/div>\n\t\t\t\t<\/div>\n\t\t\t\t<div class=\"elementor-element elementor-element-37fefab2 elementor-widget elementor-widget-text-editor\" data-id=\"37fefab2\" data-element_type=\"widget\" data-widget_type=\"text-editor.default\">\n\t\t\t\t<div class=\"elementor-widget-container\">\n\t\t\t<style>\/*! elementor - v3.14.0 - 26-06-2023 *\/\n.elementor-widget-text-editor.elementor-drop-cap-view-stacked .elementor-drop-cap{background-color:#69727d;color:#fff}.elementor-widget-text-editor.elementor-drop-cap-view-framed .elementor-drop-cap{color:#69727d;border:3px solid;background-color:transparent}.elementor-widget-text-editor:not(.elementor-drop-cap-view-default) .elementor-drop-cap{margin-top:8px}.elementor-widget-text-editor:not(.elementor-drop-cap-view-default) .elementor-drop-cap-letter{width:1em;height:1em}.elementor-widget-text-editor .elementor-drop-cap{float:left;text-align:center;line-height:1;font-size:50px}.elementor-widget-text-editor .elementor-drop-cap-letter{display:inline-block}<\/style>\t\t\t\t<p>&#8220;<\/p><p>ENVEX, ein Produktionsunternehmen f\u00fcr Staubkontrollsysteme. Dieses Unternehmen wird von einer Philosophie geleitet, die den Schwerpunkt auf Forschung und Entwicklung sowie auf jahrelange Praxistests legt, um nicht nur f\u00fchrend in der Branche zu sein, sondern auch ein Produkt auf den Markt zu bringen, das alle Erwartungen \u00fcbertrifft. ENVEX hat seine internationalen Aktivit\u00e4ten auf die Kontinente Afrika, Asien, Europa und Nordamerika ausgeweitet und Niederlassungen in Deutschland, den Vereinigten Staaten und nicht zuletzt in Dubai er\u00f6ffnet. Diese monumentale Investition ist ein Beweis daf\u00fcr, dass ENVEX sein ultimatives Ziel, die Marktf\u00fchrerschaft in der Branche zu erreichen, mit aller Kraft anstrebt. ENVEX ist stolz darauf, dem Markt seine patentierten Produkte zu pr\u00e4sentieren, in denen nach einer langen Forschungs- und Entwicklungsphase in den eigenen Labors die Grundlagen eines soliden Know-hows entwickelt wurden, um die Position des Unternehmens im Wettbewerb zu st\u00e4rken. ENVEX bietet ma\u00dfgeschneiderte und Standardl\u00f6sungen f\u00fcr eine Vielzahl von Industriezweigen, darunter Brech- und Siebanlagen, Zementwerke, Hafenbetriebe, Eisen- und Stahlwerke, W\u00e4rmekraftwerke, Betonwerke, Bergbaulager, Sch\u00fcttgutverladung und -entladung, Verdampfung, K\u00fchlung, Frostschutz (Industrie &#8211; Landwirtschaft), Geruchsbek\u00e4mpfung, Bau- und Abbruchunternehmen. ENVEX Staubbek\u00e4mpfungsystem ist ma\u00dfgeschneidert f\u00fcr kundenspezifische Anwendungen, wenn erforderlich. Au\u00dferden werden und k\u00f6nnen die Auswirkungen der Industrien auf die Umwelt streng kontrolliert. Die L\u00f6sung von ENVEX f\u00fcr den sich verschlechternden menschlichen Lebensraum ist der Einsatz von Technologie zur Erhaltung des Lebens.<\/p>\t\t\t\t\t\t<\/div>\n\t\t\t\t<\/div>\n\t\t\t\t\t<\/div>\n\t\t<\/div>\n\t\t\t\t<div class=\"elementor-column elementor-col-50 elementor-top-column elementor-element elementor-element-420f694\" data-id=\"420f694\" data-element_type=\"column\">\n\t\t\t<div class=\"elementor-widget-wrap elementor-element-populated\">\n\t\t\t\t\t\t\t\t<div class=\"elementor-element elementor-element-40e3ddf0 elementor-widget elementor-widget-image\" data-id=\"40e3ddf0\" data-element_type=\"widget\" data-settings=\"{&quot;_animation&quot;:&quot;none&quot;}\" data-widget_type=\"image.default\">\n\t\t\t\t<div class=\"elementor-widget-container\">\n\t\t\t<style>\/*! elementor - v3.14.0 - 26-06-2023 *\/\n.elementor-widget-image{text-align:center}.elementor-widget-image a{display:inline-block}.elementor-widget-image a img[src$=\".svg\"]{width:48px}.elementor-widget-image img{vertical-align:middle;display:inline-block}<\/style>\t\t\t\t\t\t\t\t\t\t\t\t<img decoding=\"async\" width=\"1024\" height=\"699\" src=\"https:\/\/enveks.com\/de\/wp-content\/uploads\/sites\/8\/2023\/07\/hakkimizda-1024x699.jpeg\" class=\"attachment-large size-large wp-image-41\" alt=\"\" loading=\"lazy\" srcset=\"https:\/\/enveks.com\/de\/wp-content\/uploads\/sites\/8\/2023\/07\/hakkimizda-1024x699.jpeg 1024w, https:\/\/enveks.com\/de\/wp-content\/uploads\/sites\/8\/2023\/07\/hakkimizda-300x205.jpeg 300w, https:\/\/enveks.com\/de\/wp-content\/uploads\/sites\/8\/2023\/07\/hakkimizda-768x524.jpeg 768w, https:\/\/enveks.com\/de\/wp-content\/uploads\/sites\/8\/2023\/07\/hakkimizda.jpeg 1077w\" sizes=\"(max-width: 1024px) 100vw, 1024px\" \/>\t\t\t\t\t\t\t\t\t\t\t\t\t\t\t<\/div>\n\t\t\t\t<\/div>\n\t\t\t\t<div class=\"elementor-element elementor-element-467f166c elementor-widget elementor-widget-text-editor\" data-id=\"467f166c\" data-element_type=\"widget\" data-widget_type=\"text-editor.default\">\n\t\t\t\t<div class=\"elementor-widget-container\">\n\t\t\t\t\t\t\t<p>\u00a0<\/p><p>Aufgrund seiner industriellen Identit\u00e4t hat ENVEX gemeinsame Studien mit vielen \u00f6ffentlichen und privaten Organisationen durchgef\u00fchrt. ENVEX hat Schulungen und Briefings f\u00fcr diese Organisationen organisiert, um das Bewusstsein zu sch\u00e4rfen und seine Entschlossenheit zu zeigen, in der Branche als &#8220;&#8221;go to source&#8221;&#8221; f\u00fcr Staubbek\u00e4mpfungssysteme zu gelten. ENVEX beliefert die globalen Industrieunternehmen mit ma\u00dfgeschneiderten Hochdruck-Einzelfl\u00fcssigkeit-Staubbek\u00e4mpfungssystemen (Druckwasser-Pulverisierung) und Doppelfl\u00fcssigkeit-Staubbek\u00e4mpfungssystemen (Wasserzerst\u00e4ubung mit Druckluft) f\u00fcr Anlagen, die mit Staubproblemen zu k\u00e4mpfen haben. Dar\u00fcber hinaus bietet ENVEX die Zerst\u00e4ubung von Wassernebel zusammen mit mobilen station\u00e4ren Nebelkanonen f\u00fcr Staub- und Geruchsprobleme in offenen Bereichen.&#8221;<\/p>\t\t\t\t\t\t<\/div>\n\t\t\t\t<\/div>\n\t\t\t\t\t<\/div>\n\t\t<\/div>\n\t\t\t\t\t\t\t<\/div>\n\t\t<\/section>\n\t\t\t\t<section class=\"elementor-section elementor-top-section elementor-element elementor-element-562e3d78 elementor-section-full_width elementor-section-height-default elementor-section-height-default\" data-id=\"562e3d78\" data-element_type=\"section\" data-settings=\"{&quot;background_background&quot;:&quot;classic&quot;}\">\n\t\t\t\t\t\t\t<div class=\"elementor-background-overlay\"><\/div>\n\t\t\t\t\t\t\t<div class=\"elementor-container elementor-column-gap-no\">\n\t\t\t\t\t<div class=\"elementor-column elementor-col-100 elementor-top-column elementor-element elementor-element-3d9e9459\" data-id=\"3d9e9459\" data-element_type=\"column\">\n\t\t\t<div class=\"elementor-widget-wrap elementor-element-populated\">\n\t\t\t\t\t\t\t\t<section class=\"elementor-section elementor-inner-section elementor-element elementor-element-78e2b472 elementor-section-boxed elementor-section-height-default elementor-section-height-default\" data-id=\"78e2b472\" data-element_type=\"section\">\n\t\t\t\t\t\t<div class=\"elementor-container elementor-column-gap-default\">\n\t\t\t\t\t<div class=\"elementor-column elementor-col-100 elementor-inner-column elementor-element elementor-element-2a28615c\" data-id=\"2a28615c\" data-element_type=\"column\">\n\t\t\t<div class=\"elementor-widget-wrap elementor-element-populated\">\n\t\t\t\t\t\t\t\t<div class=\"elementor-element elementor-element-3bdbd2e9 elementor-widget elementor-widget-heading\" data-id=\"3bdbd2e9\" data-element_type=\"widget\" data-widget_type=\"heading.default\">\n\t\t\t\t<div class=\"elementor-widget-container\">\n\t\t\t<span class=\"elementor-heading-title elementor-size-large\">ALS ENVEX BIETEN WIR L\u00d6SUNGEN AN, <\/span>\t\t<\/div>\n\t\t\t\t<\/div>\n\t\t\t\t<div class=\"elementor-element elementor-element-630e2eb0 elementor-widget elementor-widget-heading\" data-id=\"630e2eb0\" data-element_type=\"widget\" data-widget_type=\"heading.default\">\n\t\t\t\t<div class=\"elementor-widget-container\">\n\t\t\t<span class=\"elementor-heading-title elementor-size-large\">DIE WIR MIT UNSERER EIGENEN FORSCHUNGS- UND ENTWICKLUNGSABTEILUNG ENTWICKELT HABEN\n<\/span>\t\t<\/div>\n\t\t\t\t<\/div>\n\t\t\t\t\t<\/div>\n\t\t<\/div>\n\t\t\t\t\t\t\t<\/div>\n\t\t<\/section>\n\t\t\t\t<div class=\"elementor-element elementor-element-26dff0ea elementor-widget elementor-widget-video\" data-id=\"26dff0ea\" data-element_type=\"widget\" data-settings=\"{&quot;video_type&quot;:&quot;hosted&quot;,&quot;autoplay&quot;:&quot;yes&quot;,&quot;play_on_mobile&quot;:&quot;yes&quot;,&quot;mute&quot;:&quot;yes&quot;,&quot;loop&quot;:&quot;yes&quot;}\" data-widget_type=\"video.default\">\n\t\t\t\t<div class=\"elementor-widget-container\">\n\t\t\t<style>\/*! elementor - v3.14.0 - 26-06-2023 *\/\n.elementor-widget-video .elementor-widget-container{overflow:hidden;transform:translateZ(0)}.elementor-widget-video .elementor-wrapper{aspect-ratio:var(--video-aspect-ratio)}.elementor-widget-video .elementor-wrapper iframe,.elementor-widget-video .elementor-wrapper video{height:100%;width:100%;display:flex;border:none;background-color:#000}@supports not (aspect-ratio:1\/1){.elementor-widget-video .elementor-wrapper{position:relative;overflow:hidden;height:0;padding-bottom:calc(100% \/ var(--video-aspect-ratio))}.elementor-widget-video .elementor-wrapper iframe,.elementor-widget-video .elementor-wrapper video{position:absolute;top:0;right:0;bottom:0;left:0}}.elementor-widget-video .elementor-open-inline .elementor-custom-embed-image-overlay{position:absolute;top:0;left:0;width:100%;height:100%;background-size:cover;background-position:50%}.elementor-widget-video .elementor-custom-embed-image-overlay{cursor:pointer;text-align:center}.elementor-widget-video .elementor-custom-embed-image-overlay:hover .elementor-custom-embed-play i{opacity:1}.elementor-widget-video .elementor-custom-embed-image-overlay img{display:block;width:100%}.elementor-widget-video .e-hosted-video .elementor-video{-o-object-fit:cover;object-fit:cover}.e-con-inner>.elementor-widget-video,.e-con>.elementor-widget-video{width:var(--container-widget-width);--flex-grow:var(--container-widget-flex-grow)}<\/style>\t\t<div class=\"e-hosted-video elementor-wrapper elementor-open-inline\">\n\t\t\t\t\t<video class=\"elementor-video\" src=\"https:\/\/enveks.com\/de\/wp-content\/uploads\/sites\/8\/2023\/07\/enveks-kurumsal-video.mp4\" autoplay=\"\" loop=\"\" muted=\"muted\" playsinline=\"\" controlsList=\"nodownload\"><\/video>\n\t\t\t\t<\/div>\n\t\t\t\t<\/div>\n\t\t\t\t<\/div>\n\t\t\t\t\t<\/div>\n\t\t<\/div>\n\t\t\t\t\t\t\t<\/div>\n\t\t<\/section>\n\t\t\t\t\t\t\t<\/div>\n\t\t","protected":false},"excerpt":{"rendered":"<p>ENVEX IST MIT MEHR ALS 10 PATENTEN MARKTF\u00dcHRER! Wer sind wir? &#8220; ENVEX, ein Produktionsunternehmen f\u00fcr Staubkontrollsysteme. Dieses Unternehmen wird von einer Philosophie geleitet, die den Schwerpunkt auf Forschung und Entwicklung sowie auf jahrelange Praxistests legt, um nicht nur f\u00fchrend in der Branche zu sein, sondern auch ein Produkt auf den Markt zu bringen, das &hellip;<\/p>\n<p class=\"read-more\"> <a class=\"\" href=\"https:\/\/enveks.com\/de\/hakkimizda\/\"> <span class=\"screen-reader-text\">Hakk\u0131m\u0131zda<\/span> Devam\u0131 &raquo;<\/a><\/p>\n","protected":false},"author":1,"featured_media":0,"parent":0,"menu_order":0,"comment_status":"closed","ping_status":"closed","template":"","meta":{"site-sidebar-layout":"no-sidebar","site-content-layout":"page-builder","ast-global-header-display":"","ast-banner-title-visibility":"","ast-main-header-display":"","ast-hfb-above-header-display":"","ast-hfb-below-header-display":"","ast-hfb-mobile-header-display":"","site-post-title":"disabled","ast-breadcrumbs-content":"","ast-featured-img":"disabled","footer-sml-layout":"","theme-transparent-header-meta":"","adv-header-id-meta":"","stick-header-meta":"","header-above-stick-meta":"","header-main-stick-meta":"","header-below-stick-meta":""},"_links":{"self":[{"href":"https:\/\/enveks.com\/de\/wp-json\/wp\/v2\/pages\/38"}],"collection":[{"href":"https:\/\/enveks.com\/de\/wp-json\/wp\/v2\/pages"}],"about":[{"href":"https:\/\/enveks.com\/de\/wp-json\/wp\/v2\/types\/page"}],"author":[{"embeddable":true,"href":"https:\/\/enveks.com\/de\/wp-json\/wp\/v2\/users\/1"}],"replies":[{"embeddable":true,"href":"https:\/\/enveks.com\/de\/wp-json\/wp\/v2\/comments?post=38"}],"version-history":[{"count":16,"href":"https:\/\/enveks.com\/de\/wp-json\/wp\/v2\/pages\/38\/revisions"}],"predecessor-version":[{"id":1292,"href":"https:\/\/enveks.com\/de\/wp-json\/wp\/v2\/pages\/38\/revisions\/1292"}],"wp:attachment":[{"href":"https:\/\/enveks.com\/de\/wp-json\/wp\/v2\/media?parent=38"}],"curies":[{"name":"wp","href":"https:\/\/api.w.org\/{rel}","templated":true}]}}